{"id":15535,"date":"2022-09-13T03:52:26","date_gmt":"2022-09-13T03:52:26","guid":{"rendered":"https:\/\/motta.uix.store\/?page_id=15535"},"modified":"2025-10-08T21:52:04","modified_gmt":"2025-10-08T21:52:04","slug":"offres-de-produits-du-jour","status":"publish","type":"page","link":"https:\/\/commercin.com\/fr\/offres-de-produits-du-jour\/","title":{"rendered":"Offres de produits du jour"},"content":{"rendered":"<div data-elementor-type=\"wp-page\" data-elementor-id=\"15535\" class=\"elementor elementor-15535\" data-elementor-post-type=\"page\">\n\t\t\t\t\t\t<section class=\"elementor-section elementor-top-section elementor-element elementor-element-25f4503 elementor-section-boxed elementor-section-height-default elementor-section-height-default motta-responsive-column motta-tablet-column--default motta-responsive-column motta-mobile-column--default\" data-id=\"25f4503\" data-element_type=\"section\" data-e-type=\"section\" data-settings=\"{&quot;ekit_has_onepagescroll_dot&quot;:&quot;yes&quot;}\">\n\t\t\t\t\t\t<div class=\"elementor-container elementor-column-gap-default\">\n\t\t\t\t\t<div class=\"elementor-column elementor-col-100 elementor-top-column elementor-element elementor-element-ef122e6\" data-id=\"ef122e6\" data-element_type=\"column\" data-e-type=\"column\">\n\t\t\t<div class=\"elementor-widget-wrap elementor-element-populated\">\n\t\t\t\t\t\t<div class=\"elementor-element elementor-element-7c1a8f8 motta-product-deals__type-recent elementor-widget elementor-widget-motta-product-deals-grid\" data-id=\"7c1a8f8\" data-element_type=\"widget\" data-e-type=\"widget\" data-settings=\"{&quot;ekit_we_effect_on&quot;:&quot;none&quot;}\" data-widget_type=\"motta-product-deals-grid.default\">\n\t\t\t\t<div class=\"elementor-widget-container\">\n\t\t\t\t\t<div class=\"motta-product-deals-grid motta-product-deals\"><ul class=\"products columns-4\">\n<li class=\"product type-product post-24501 status-publish first instock product_cat-pumps-and-water-management-equipment product_tag-popular-products has-post-thumbnail shipping-taxable purchasable product-type-simple\">\n\t<a href=\"https:\/\/commercin.com\/fr\/boutique\/pompes-et-equipements-de-gestion-de-leau\/pompe-horizontale-a-un-etage-a-moteur-diesel-hrzl-c-is\/\" class=\"woocommerce-LoopProduct-link woocommerce-loop-product__link\"><img fetchpriority=\"high\" decoding=\"async\" width=\"300\" height=\"300\" src=\"https:\/\/commercin.com\/wp-content\/uploads\/2022\/09\/e39e01ed8418dac4ebfaaa1c2daf69a0-300x300.jpg\" class=\"attachment-woocommerce_thumbnail size-woocommerce_thumbnail\" alt=\"Pompe horizontale mono-\u00e9tag\u00e9e \u00e0 moteur diesel HRZL-C\/IS\" srcset=\"https:\/\/commercin.com\/wp-content\/uploads\/2022\/09\/e39e01ed8418dac4ebfaaa1c2daf69a0-300x300.jpg 300w, https:\/\/commercin.com\/wp-content\/uploads\/2022\/09\/e39e01ed8418dac4ebfaaa1c2daf69a0-150x150.jpg 150w, https:\/\/commercin.com\/wp-content\/uploads\/2022\/09\/e39e01ed8418dac4ebfaaa1c2daf69a0-100x100.jpg 100w\" sizes=\"(max-width: 300px) 100vw, 300px\" \/><h2 class=\"woocommerce-loop-product__title\">Pompe horizontale mono-\u00e9tag\u00e9e \u00e0 moteur diesel HRZL-C\/IS<\/h2>\n\t<span class=\"price\"><span class=\"woocommerce-Price-amount amount\"><bdi><span class=\"woocommerce-Price-currencySymbol\">&#8381;<\/span>&nbsp;1.850.000<\/bdi><\/span><\/span>\n<\/a><a href=\"\/fr\/wp-json\/wp\/v2\/pages\/15535?add-to-cart=24501\" data-quantity=\"1\" class=\"button product_type_simple add_to_cart_button ajax_add_to_cart motta-button--atc\" data-product_id=\"24501\" data-product_sku=\"\" aria-label=\"Ajouter au panier\u00a0: \u201cDiesel Engine Horizontal Single-Stage Pump HRZL-C\/IS\u201d\" rel=\"nofollow\" data-success_message=\"\u00ab\u00a0Diesel Engine Horizontal Single-Stage Pump HRZL-C\/IS\u00a0\u00bb a \u00e9t\u00e9 ajout\u00e9 \u00e0 votre panier\" role=\"button\" data-no-translation-aria-label=\"\" data-no-translation-data-success_message=\"\"><span class=\"motta-svg-icon motta-svg-icon--cart-trolley\" ><svg width=\"24\" height=\"24\" aria-hidden=\"true\" role=\"img\" focusable=\"false\" viewbox=\"0 0 32 32\"><path d=\"M25.248 22.4l3.552-14.4h-18.528l-0.96-4.8h-6.112v3.2h3.488l3.2 16h15.36zM24.704 11.2l-1.968 8h-10.24l-1.6-8h13.808z\"><\/path><path d=\"M25.6 26.4c0 1.325-1.075 2.4-2.4 2.4s-2.4-1.075-2.4-2.4c0-1.325 1.075-2.4 2.4-2.4s2.4 1.075 2.4 2.4z\"><\/path><path d=\"M14.4 26.4c0 1.325-1.075 2.4-2.4 2.4s-2.4-1.075-2.4-2.4c0-1.325 1.075-2.4 2.4-2.4s2.4 1.075 2.4 2.4z\"><\/path><\/svg><\/span><span class=\"add-to-cart-text\" data-no-translation=\"\" data-trp-gettext=\"\">Ajouter au panier<\/span><\/a><\/li>\n<li class=\"product type-product post-24499 status-publish instock product_cat-hoses-and-nozzles-for-irrigation-system product_tag-gift-cards product_tag-new-arrivals product_tag-popular-products has-post-thumbnail sale featured shipping-taxable purchasable product-type-simple\">\n\t<a href=\"https:\/\/commercin.com\/fr\/boutique\/accessoires-et-pieces-de-rechange\/tuyaux-et-buses-pour-systeme-dirrigation\/equipement-dirrigation-par-aspersion-a-grande-echelle-pour-lagriculture-machine-dirrigation-par-aspersion-a-bobine\/\" class=\"woocommerce-LoopProduct-link woocommerce-loop-product__link\">\n\t<span class=\"onsale\" data-no-translation=\"\" data-trp-gettext=\"\">Promo\u00a0!<\/span>\n\t<img decoding=\"async\" width=\"300\" height=\"300\" src=\"https:\/\/commercin.com\/wp-content\/uploads\/2022\/09\/Screenshot-2026-02-08-170338-300x300.png\" class=\"attachment-woocommerce_thumbnail size-woocommerce_thumbnail\" alt=\"\u00c9quipement d&#039;irrigation par aspersion \u00e0 grande \u00e9chelle pour l&#039;agriculture \/ Machine d&#039;irrigation par aspersion \u00e0 enrouleur\" srcset=\"https:\/\/commercin.com\/wp-content\/uploads\/2022\/09\/Screenshot-2026-02-08-170338-300x300.png 300w, https:\/\/commercin.com\/wp-content\/uploads\/2022\/09\/Screenshot-2026-02-08-170338-150x150.png 150w, https:\/\/commercin.com\/wp-content\/uploads\/2022\/09\/Screenshot-2026-02-08-170338-100x100.png 100w\" sizes=\"(max-width: 300px) 100vw, 300px\" \/><h2 class=\"woocommerce-loop-product__title\">\u00c9quipement d'irrigation par aspersion \u00e0 grande \u00e9chelle pour l'agriculture \/ Machine d'irrigation par aspersion \u00e0 enrouleur<\/h2>\n\t<span class=\"price\"><del aria-hidden=\"true\"><span class=\"woocommerce-Price-amount amount\"><bdi><span class=\"woocommerce-Price-currencySymbol\">&#8381;<\/span>&nbsp;3.250.000<\/bdi><\/span><\/del> <span class=\"screen-reader-text\" data-no-translation=\"\" data-trp-gettext=\"\">Le prix initial \u00e9tait\u00a0: &#8381;&nbsp;3.250.000.<\/span><ins aria-hidden=\"true\"><span class=\"woocommerce-Price-amount amount\"><bdi><span class=\"woocommerce-Price-currencySymbol\">&#8381;<\/span>&nbsp;3.050.000<\/bdi><\/span><\/ins><span class=\"screen-reader-text\" data-no-translation=\"\" data-trp-gettext=\"\">Le prix actuel est\u00a0: &#8381;&nbsp;3.050.000.<\/span><\/span>\n<\/a><a href=\"\/fr\/wp-json\/wp\/v2\/pages\/15535?add-to-cart=24499\" data-quantity=\"1\" class=\"button product_type_simple add_to_cart_button ajax_add_to_cart motta-button--atc\" data-product_id=\"24499\" data-product_sku=\"\" aria-label=\"Ajouter au panier\u00a0: \u201cLarge-Scale Agricultural Sprinkler Irrigation Equipment \/ Reel Sprinkler Irrigation Machine\u201d\" rel=\"nofollow\" data-success_message=\"\u00ab\u00a0Large-Scale Agricultural Sprinkler Irrigation Equipment \/ Reel Sprinkler Irrigation Machine\u00a0\u00bb a \u00e9t\u00e9 ajout\u00e9 \u00e0 votre panier\" role=\"button\" data-no-translation-aria-label=\"\" data-no-translation-data-success_message=\"\"><span class=\"motta-svg-icon motta-svg-icon--cart-trolley\" ><svg width=\"24\" height=\"24\" aria-hidden=\"true\" role=\"img\" focusable=\"false\" viewbox=\"0 0 32 32\"><path d=\"M25.248 22.4l3.552-14.4h-18.528l-0.96-4.8h-6.112v3.2h3.488l3.2 16h15.36zM24.704 11.2l-1.968 8h-10.24l-1.6-8h13.808z\"><\/path><path d=\"M25.6 26.4c0 1.325-1.075 2.4-2.4 2.4s-2.4-1.075-2.4-2.4c0-1.325 1.075-2.4 2.4-2.4s2.4 1.075 2.4 2.4z\"><\/path><path d=\"M14.4 26.4c0 1.325-1.075 2.4-2.4 2.4s-2.4-1.075-2.4-2.4c0-1.325 1.075-2.4 2.4-2.4s2.4 1.075 2.4 2.4z\"><\/path><\/svg><\/span><span class=\"add-to-cart-text\" data-no-translation=\"\" data-trp-gettext=\"\">Ajouter au panier<\/span><\/a><\/li>\n<li class=\"product type-product post-24498 status-publish instock product_cat-agricultural-product-processing product_tag-gift-cards product_tag-new-arrivals product_tag-popular-products has-post-thumbnail shipping-taxable purchasable product-type-simple\">\n\t<a href=\"https:\/\/commercin.com\/fr\/boutique\/la-transformation-des-produits-agricoles\/machine-de-nettoyage-des-grains-agricoles-ble-sesame-blanc-haricots-mais\/\" class=\"woocommerce-LoopProduct-link woocommerce-loop-product__link\"><img decoding=\"async\" width=\"300\" height=\"300\" src=\"https:\/\/commercin.com\/wp-content\/uploads\/2022\/09\/Screenshot-2026-02-08-172410-300x300.png\" class=\"attachment-woocommerce_thumbnail size-woocommerce_thumbnail\" alt=\"Machine \u00e0 nettoyer les grains agricoles - Bl\u00e9, S\u00e9same blanc, Haricots, Ma\u00efs\" srcset=\"https:\/\/commercin.com\/wp-content\/uploads\/2022\/09\/Screenshot-2026-02-08-172410-300x300.png 300w, https:\/\/commercin.com\/wp-content\/uploads\/2022\/09\/Screenshot-2026-02-08-172410-150x150.png 150w, https:\/\/commercin.com\/wp-content\/uploads\/2022\/09\/Screenshot-2026-02-08-172410-12x12.png 12w, https:\/\/commercin.com\/wp-content\/uploads\/2022\/09\/Screenshot-2026-02-08-172410-100x100.png 100w, https:\/\/commercin.com\/wp-content\/uploads\/2022\/09\/Screenshot-2026-02-08-172410.png 467w\" sizes=\"(max-width: 300px) 100vw, 300px\" \/><h2 class=\"woocommerce-loop-product__title\">Machine \u00e0 nettoyer les grains agricoles - Bl\u00e9, S\u00e9same blanc, Haricots, Ma\u00efs<\/h2>\n\t<span class=\"price\"><span class=\"woocommerce-Price-amount amount\"><bdi><span class=\"woocommerce-Price-currencySymbol\">&#8381;<\/span>&nbsp;1.950.000<\/bdi><\/span><\/span>\n<\/a><a href=\"\/fr\/wp-json\/wp\/v2\/pages\/15535?add-to-cart=24498\" data-quantity=\"1\" class=\"button product_type_simple add_to_cart_button ajax_add_to_cart motta-button--atc\" data-product_id=\"24498\" data-product_sku=\"\" aria-label=\"Ajouter au panier\u00a0: \u201cAgricultural Grain Cleaning Machine \u2013 Wheat, White Sesame, Beans, Corn\u201d\" rel=\"nofollow\" data-success_message=\"\u00ab\u00a0Agricultural Grain Cleaning Machine \u2013 Wheat, White Sesame, Beans, Corn\u00a0\u00bb a \u00e9t\u00e9 ajout\u00e9 \u00e0 votre panier\" role=\"button\" data-no-translation-aria-label=\"\" data-no-translation-data-success_message=\"\"><span class=\"motta-svg-icon motta-svg-icon--cart-trolley\" ><svg width=\"24\" height=\"24\" aria-hidden=\"true\" role=\"img\" focusable=\"false\" viewbox=\"0 0 32 32\"><path d=\"M25.248 22.4l3.552-14.4h-18.528l-0.96-4.8h-6.112v3.2h3.488l3.2 16h15.36zM24.704 11.2l-1.968 8h-10.24l-1.6-8h13.808z\"><\/path><path d=\"M25.6 26.4c0 1.325-1.075 2.4-2.4 2.4s-2.4-1.075-2.4-2.4c0-1.325 1.075-2.4 2.4-2.4s2.4 1.075 2.4 2.4z\"><\/path><path d=\"M14.4 26.4c0 1.325-1.075 2.4-2.4 2.4s-2.4-1.075-2.4-2.4c0-1.325 1.075-2.4 2.4-2.4s2.4 1.075 2.4 2.4z\"><\/path><\/svg><\/span><span class=\"add-to-cart-text\" data-no-translation=\"\" data-trp-gettext=\"\">Ajouter au panier<\/span><\/a><\/li>\n<li class=\"product type-product post-24497 status-publish last instock product_cat-agricultural-machinery product_tag-new-arrivals has-post-thumbnail featured shipping-taxable purchasable product-type-simple\">\n\t<a href=\"https:\/\/commercin.com\/fr\/boutique\/machines-agricoles\/ec-18\/\" class=\"woocommerce-LoopProduct-link woocommerce-loop-product__link\"><img loading=\"lazy\" decoding=\"async\" width=\"300\" height=\"300\" src=\"https:\/\/commercin.com\/wp-content\/uploads\/2022\/09\/6a4ee770-e001-4dec-b7d2-6e1c1c92f574-1-1-300x300.jpg\" class=\"attachment-woocommerce_thumbnail size-woocommerce_thumbnail\" alt=\"EC-18\" srcset=\"https:\/\/commercin.com\/wp-content\/uploads\/2022\/09\/6a4ee770-e001-4dec-b7d2-6e1c1c92f574-1-1-300x300.jpg 300w, https:\/\/commercin.com\/wp-content\/uploads\/2022\/09\/6a4ee770-e001-4dec-b7d2-6e1c1c92f574-1-1-150x150.jpg 150w, https:\/\/commercin.com\/wp-content\/uploads\/2022\/09\/6a4ee770-e001-4dec-b7d2-6e1c1c92f574-1-1-768x768.jpg 768w, https:\/\/commercin.com\/wp-content\/uploads\/2022\/09\/6a4ee770-e001-4dec-b7d2-6e1c1c92f574-1-1-12x12.jpg 12w, https:\/\/commercin.com\/wp-content\/uploads\/2022\/09\/6a4ee770-e001-4dec-b7d2-6e1c1c92f574-1-1-600x600.jpg 600w, https:\/\/commercin.com\/wp-content\/uploads\/2022\/09\/6a4ee770-e001-4dec-b7d2-6e1c1c92f574-1-1-100x100.jpg 100w, https:\/\/commercin.com\/wp-content\/uploads\/2022\/09\/6a4ee770-e001-4dec-b7d2-6e1c1c92f574-1-1.jpg 1000w\" sizes=\"(max-width: 300px) 100vw, 300px\" \/><h2 class=\"woocommerce-loop-product__title\">EC-18<\/h2>\n\t<span class=\"price\"><span class=\"woocommerce-Price-amount amount\"><bdi><span class=\"woocommerce-Price-currencySymbol\">&#8381;<\/span>&nbsp;2.750.000<\/bdi><\/span><\/span>\n<\/a><a href=\"\/fr\/wp-json\/wp\/v2\/pages\/15535?add-to-cart=24497\" data-quantity=\"1\" class=\"button product_type_simple add_to_cart_button ajax_add_to_cart motta-button--atc\" data-product_id=\"24497\" data-product_sku=\"\" aria-label=\"Ajouter au panier\u00a0: \u201cEC-18\u201d\" rel=\"nofollow\" data-success_message=\"\u00ab\u00a0EC-18\u00a0\u00bb a \u00e9t\u00e9 ajout\u00e9 \u00e0 votre panier\" role=\"button\" data-no-translation-aria-label=\"\" data-no-translation-data-success_message=\"\"><span class=\"motta-svg-icon motta-svg-icon--cart-trolley\" ><svg width=\"24\" height=\"24\" aria-hidden=\"true\" role=\"img\" focusable=\"false\" viewbox=\"0 0 32 32\"><path d=\"M25.248 22.4l3.552-14.4h-18.528l-0.96-4.8h-6.112v3.2h3.488l3.2 16h15.36zM24.704 11.2l-1.968 8h-10.24l-1.6-8h13.808z\"><\/path><path d=\"M25.6 26.4c0 1.325-1.075 2.4-2.4 2.4s-2.4-1.075-2.4-2.4c0-1.325 1.075-2.4 2.4-2.4s2.4 1.075 2.4 2.4z\"><\/path><path d=\"M14.4 26.4c0 1.325-1.075 2.4-2.4 2.4s-2.4-1.075-2.4-2.4c0-1.325 1.075-2.4 2.4-2.4s2.4 1.075 2.4 2.4z\"><\/path><\/svg><\/span><span class=\"add-to-cart-text\" data-no-translation=\"\" data-trp-gettext=\"\">Ajouter au panier<\/span><\/a><\/li>\n<li class=\"product type-product post-24495 status-publish first instock product_cat-forklifts product_cat-handling-and-storage-equipment product_cat-industrial-equipment product_tag-popular-products has-post-thumbnail featured shipping-taxable purchasable product-type-simple\">\n\t<a href=\"https:\/\/commercin.com\/fr\/boutique\/equipements-industriels\/chariots-elevateurs\/lampe-de-bureau-usb-a-dome-noir-lex\/\" class=\"woocommerce-LoopProduct-link woocommerce-loop-product__link\"><img loading=\"lazy\" decoding=\"async\" width=\"300\" height=\"300\" src=\"https:\/\/commercin.com\/wp-content\/uploads\/2026\/02\/0ef63a9416988473726d2307aecfc8d6_small-300x300.jpg\" class=\"attachment-woocommerce_thumbnail size-woocommerce_thumbnail\" alt=\"K25 Nissan Engine 3 Ton Lpg Forklift Truck\" srcset=\"https:\/\/commercin.com\/wp-content\/uploads\/2026\/02\/0ef63a9416988473726d2307aecfc8d6_small-300x300.jpg 300w, https:\/\/commercin.com\/wp-content\/uploads\/2026\/02\/0ef63a9416988473726d2307aecfc8d6_small-150x150.jpg 150w, https:\/\/commercin.com\/wp-content\/uploads\/2026\/02\/0ef63a9416988473726d2307aecfc8d6_small-12x12.jpg 12w, https:\/\/commercin.com\/wp-content\/uploads\/2026\/02\/0ef63a9416988473726d2307aecfc8d6_small-100x100.jpg 100w, https:\/\/commercin.com\/wp-content\/uploads\/2026\/02\/0ef63a9416988473726d2307aecfc8d6_small.jpg 400w\" sizes=\"(max-width: 300px) 100vw, 300px\" \/><h2 class=\"woocommerce-loop-product__title\">K25 Nissan Engine 3 Ton Lpg Forklift Truck<\/h2>\n\t<span class=\"price\"><span class=\"woocommerce-Price-amount amount\"><bdi><span class=\"woocommerce-Price-currencySymbol\">&#8381;<\/span>&nbsp;4.500.000<\/bdi><\/span><\/span>\n<\/a><a href=\"\/fr\/wp-json\/wp\/v2\/pages\/15535?add-to-cart=24495\" data-quantity=\"1\" class=\"button product_type_simple add_to_cart_button ajax_add_to_cart motta-button--atc\" data-product_id=\"24495\" data-product_sku=\"\" aria-label=\"Ajouter au panier\u00a0: \u201cK25 Nissan Engine 3 Ton Lpg Forklift Truck\u201d\" rel=\"nofollow\" data-success_message=\"\u00ab\u00a0K25 Nissan Engine 3 Ton Lpg Forklift Truck\u00a0\u00bb a \u00e9t\u00e9 ajout\u00e9 \u00e0 votre panier\" role=\"button\" data-no-translation-aria-label=\"\" data-no-translation-data-success_message=\"\"><span class=\"motta-svg-icon motta-svg-icon--cart-trolley\" ><svg width=\"24\" height=\"24\" aria-hidden=\"true\" role=\"img\" focusable=\"false\" viewbox=\"0 0 32 32\"><path d=\"M25.248 22.4l3.552-14.4h-18.528l-0.96-4.8h-6.112v3.2h3.488l3.2 16h15.36zM24.704 11.2l-1.968 8h-10.24l-1.6-8h13.808z\"><\/path><path d=\"M25.6 26.4c0 1.325-1.075 2.4-2.4 2.4s-2.4-1.075-2.4-2.4c0-1.325 1.075-2.4 2.4-2.4s2.4 1.075 2.4 2.4z\"><\/path><path d=\"M14.4 26.4c0 1.325-1.075 2.4-2.4 2.4s-2.4-1.075-2.4-2.4c0-1.325 1.075-2.4 2.4-2.4s2.4 1.075 2.4 2.4z\"><\/path><\/svg><\/span><span class=\"add-to-cart-text\" data-no-translation=\"\" data-trp-gettext=\"\">Ajouter au panier<\/span><\/a><\/li>\n<li class=\"product type-product post-24491 status-publish instock product_cat-machines-for-plastic-processing product_tag-new-arrivals has-post-thumbnail featured shipping-taxable purchasable product-type-simple\">\n\t<a href=\"https:\/\/commercin.com\/fr\/boutique\/machines-pour-la-transformation-des-matieres-plastiques\/extrudeuse-a-vis-unique-serie-le\/\" class=\"woocommerce-LoopProduct-link woocommerce-loop-product__link\"><img loading=\"lazy\" decoding=\"async\" width=\"300\" height=\"300\" src=\"https:\/\/commercin.com\/wp-content\/uploads\/2026\/02\/Screenshot-2026-02-09-210908-300x300.png\" class=\"attachment-woocommerce_thumbnail size-woocommerce_thumbnail\" alt=\"Extrudeuse monovis s\u00e9rie LE\" srcset=\"https:\/\/commercin.com\/wp-content\/uploads\/2026\/02\/Screenshot-2026-02-09-210908-300x300.png 300w, https:\/\/commercin.com\/wp-content\/uploads\/2026\/02\/Screenshot-2026-02-09-210908-150x150.png 150w, https:\/\/commercin.com\/wp-content\/uploads\/2026\/02\/Screenshot-2026-02-09-210908-12x12.png 12w, https:\/\/commercin.com\/wp-content\/uploads\/2026\/02\/Screenshot-2026-02-09-210908-100x100.png 100w, https:\/\/commercin.com\/wp-content\/uploads\/2026\/02\/Screenshot-2026-02-09-210908.png 519w\" sizes=\"(max-width: 300px) 100vw, 300px\" \/><h2 class=\"woocommerce-loop-product__title\">Extrudeuse monovis s\u00e9rie LE<\/h2>\n\t<span class=\"price\"><span class=\"woocommerce-Price-amount amount\"><bdi><span class=\"woocommerce-Price-currencySymbol\">&#8381;<\/span>&nbsp;8.300.000<\/bdi><\/span><\/span>\n<\/a><a href=\"\/fr\/wp-json\/wp\/v2\/pages\/15535?add-to-cart=24491\" data-quantity=\"1\" class=\"button product_type_simple add_to_cart_button ajax_add_to_cart motta-button--atc\" data-product_id=\"24491\" data-product_sku=\"\" aria-label=\"Ajouter au panier\u00a0: \u201cSingle screw extruder LE series\u201d\" rel=\"nofollow\" data-success_message=\"\u00ab\u00a0Single screw extruder LE series\u00a0\u00bb a \u00e9t\u00e9 ajout\u00e9 \u00e0 votre panier\" role=\"button\" data-no-translation-aria-label=\"\" data-no-translation-data-success_message=\"\"><span class=\"motta-svg-icon motta-svg-icon--cart-trolley\" ><svg width=\"24\" height=\"24\" aria-hidden=\"true\" role=\"img\" focusable=\"false\" viewbox=\"0 0 32 32\"><path d=\"M25.248 22.4l3.552-14.4h-18.528l-0.96-4.8h-6.112v3.2h3.488l3.2 16h15.36zM24.704 11.2l-1.968 8h-10.24l-1.6-8h13.808z\"><\/path><path d=\"M25.6 26.4c0 1.325-1.075 2.4-2.4 2.4s-2.4-1.075-2.4-2.4c0-1.325 1.075-2.4 2.4-2.4s2.4 1.075 2.4 2.4z\"><\/path><path d=\"M14.4 26.4c0 1.325-1.075 2.4-2.4 2.4s-2.4-1.075-2.4-2.4c0-1.325 1.075-2.4 2.4-2.4s2.4 1.075 2.4 2.4z\"><\/path><\/svg><\/span><span class=\"add-to-cart-text\" data-no-translation=\"\" data-trp-gettext=\"\">Ajouter au panier<\/span><\/a><\/li>\n<li class=\"product type-product post-24490 status-publish instock product_cat-energy-infrastructure-and-hvac-equipment product_tag-gift-cards has-post-thumbnail featured shipping-taxable purchasable product-type-simple\">\n\t<a href=\"https:\/\/commercin.com\/fr\/boutique\/infrastructure-energetique-et-equipement-hvac-2\/systeme-de-lutte-contre-lincendie\/\" class=\"woocommerce-LoopProduct-link woocommerce-loop-product__link\"><img loading=\"lazy\" decoding=\"async\" width=\"300\" height=\"300\" src=\"https:\/\/commercin.com\/wp-content\/uploads\/2026\/02\/66dbfbccd8804-removebg-preview-300x300.png\" class=\"attachment-woocommerce_thumbnail size-woocommerce_thumbnail\" alt=\"Syst\u00e8me de lutte contre l&#039;incendie\" srcset=\"https:\/\/commercin.com\/wp-content\/uploads\/2026\/02\/66dbfbccd8804-removebg-preview-300x300.png 300w, https:\/\/commercin.com\/wp-content\/uploads\/2026\/02\/66dbfbccd8804-removebg-preview-150x150.png 150w, https:\/\/commercin.com\/wp-content\/uploads\/2026\/02\/66dbfbccd8804-removebg-preview-13x12.png 13w, https:\/\/commercin.com\/wp-content\/uploads\/2026\/02\/66dbfbccd8804-removebg-preview-100x100.png 100w\" sizes=\"(max-width: 300px) 100vw, 300px\" \/><h2 class=\"woocommerce-loop-product__title\">Syst\u00e8me de lutte contre l'incendie<\/h2>\n\t<span class=\"price\"><span class=\"woocommerce-Price-amount amount\"><bdi><span class=\"woocommerce-Price-currencySymbol\">&#8381;<\/span>&nbsp;850.000<\/bdi><\/span><\/span>\n<\/a><a href=\"\/fr\/wp-json\/wp\/v2\/pages\/15535?add-to-cart=24490\" data-quantity=\"1\" class=\"button product_type_simple add_to_cart_button ajax_add_to_cart motta-button--atc\" data-product_id=\"24490\" data-product_sku=\"\" aria-label=\"Ajouter au panier\u00a0: \u201cFire Fighting System\u201d\" rel=\"nofollow\" data-success_message=\"\u00ab\u00a0Fire Fighting System\u00a0\u00bb a \u00e9t\u00e9 ajout\u00e9 \u00e0 votre panier\" role=\"button\" data-no-translation-aria-label=\"\" data-no-translation-data-success_message=\"\"><span class=\"motta-svg-icon motta-svg-icon--cart-trolley\" ><svg width=\"24\" height=\"24\" aria-hidden=\"true\" role=\"img\" focusable=\"false\" viewbox=\"0 0 32 32\"><path d=\"M25.248 22.4l3.552-14.4h-18.528l-0.96-4.8h-6.112v3.2h3.488l3.2 16h15.36zM24.704 11.2l-1.968 8h-10.24l-1.6-8h13.808z\"><\/path><path d=\"M25.6 26.4c0 1.325-1.075 2.4-2.4 2.4s-2.4-1.075-2.4-2.4c0-1.325 1.075-2.4 2.4-2.4s2.4 1.075 2.4 2.4z\"><\/path><path d=\"M14.4 26.4c0 1.325-1.075 2.4-2.4 2.4s-2.4-1.075-2.4-2.4c0-1.325 1.075-2.4 2.4-2.4s2.4 1.075 2.4 2.4z\"><\/path><\/svg><\/span><span class=\"add-to-cart-text\" data-no-translation=\"\" data-trp-gettext=\"\">Ajouter au panier<\/span><\/a><\/li>\n<\/ul>\n<\/div><nav class=\"woocommerce-pagination\"><\/nav>\t\t\t\t<\/div>\n\t\t\t\t<\/div>\n\t\t\t\t\t<\/div>\n\t\t<\/div>\n\t\t\t\t\t<\/div>\n\t\t<\/section>\n\t\t\t\t<\/div>","protected":false},"excerpt":{"rendered":"","protected":false},"author":1,"featured_media":0,"parent":0,"menu_order":0,"comment_status":"closed","ping_status":"closed","template":"","meta":{"footnotes":""},"class_list":["post-15535","page","type-page","status-publish","hentry"],"_links":{"self":[{"href":"https:\/\/commercin.com\/fr\/wp-json\/wp\/v2\/pages\/15535","targetHints":{"allow":["GET"]}}],"collection":[{"href":"https:\/\/commercin.com\/fr\/wp-json\/wp\/v2\/pages"}],"about":[{"href":"https:\/\/commercin.com\/fr\/wp-json\/wp\/v2\/types\/page"}],"author":[{"embeddable":true,"href":"https:\/\/commercin.com\/fr\/wp-json\/wp\/v2\/users\/1"}],"replies":[{"embeddable":true,"href":"https:\/\/commercin.com\/fr\/wp-json\/wp\/v2\/comments?post=15535"}],"version-history":[{"count":9,"href":"https:\/\/commercin.com\/fr\/wp-json\/wp\/v2\/pages\/15535\/revisions"}],"predecessor-version":[{"id":22006,"href":"https:\/\/commercin.com\/fr\/wp-json\/wp\/v2\/pages\/15535\/revisions\/22006"}],"wp:attachment":[{"href":"https:\/\/commercin.com\/fr\/wp-json\/wp\/v2\/media?parent=15535"}],"curies":[{"name":"wp","href":"https:\/\/api.w.org\/{rel}","templated":true}]}}