{"id":19108,"date":"2022-11-02T08:47:41","date_gmt":"2022-11-02T08:47:41","guid":{"rendered":"https:\/\/motta.uix.store\/?page_id=19108"},"modified":"2022-11-02T08:47:41","modified_gmt":"2022-11-02T08:47:41","slug":"produits-recemment-consultes","status":"publish","type":"page","link":"https:\/\/commercin.com\/fr\/produits-recemment-consultes\/","title":{"rendered":"Produits r\u00e9cemment consult\u00e9s"},"content":{"rendered":"<div data-elementor-type=\"wp-page\" data-elementor-id=\"19108\" class=\"elementor elementor-19108\" data-elementor-post-type=\"page\">\n\t\t\t\t\t\t<section class=\"elementor-section elementor-top-section elementor-element elementor-element-d2e032c elementor-section-boxed elementor-section-height-default elementor-section-height-default motta-responsive-column motta-tablet-column--default motta-responsive-column motta-mobile-column--default\" data-id=\"d2e032c\" data-element_type=\"section\" data-e-type=\"section\" data-settings=\"{&quot;ekit_has_onepagescroll_dot&quot;:&quot;yes&quot;}\">\n\t\t\t\t\t\t<div class=\"elementor-container elementor-column-gap-default\">\n\t\t\t\t\t<div class=\"elementor-column elementor-col-100 elementor-top-column elementor-element elementor-element-e948321\" data-id=\"e948321\" data-element_type=\"column\" data-e-type=\"column\">\n\t\t\t<div class=\"elementor-widget-wrap elementor-element-populated\">\n\t\t\t\t\t\t<div class=\"elementor-element elementor-element-2268532 elementor-widget elementor-widget-motta-products-recently-viewed-grid\" data-id=\"2268532\" data-element_type=\"widget\" data-e-type=\"widget\" data-settings=\"{&quot;ekit_we_effect_on&quot;:&quot;none&quot;}\" data-widget_type=\"motta-products-recently-viewed-grid.default\">\n\t\t\t\t<div class=\"elementor-widget-container\">\n\t\t\t\t\t        <div class=\"motta-products-recently-viewed-grid\">\n            <div class=\"no-ajax\" data-settings=\"{&quot;limit&quot;:8,&quot;desc&quot;:&quot;Recently Viewed Products is a function which helps you keep track of your recent viewing history.&quot;,&quot;button_text&quot;:&quot;Shop Now&quot;,&quot;button_link&quot;:{&quot;url&quot;:&quot;#&quot;,&quot;is_external&quot;:false,&quot;nofollow&quot;:false,&quot;custom_attributes&quot;:&quot;&quot;},&quot;load_ajax&quot;:&quot;&quot;}\">\n\t\t\t\t<div class=\"motta-products-recently-viewed__products woocommerce\">\n\t\t\t\t\t\t\t\t<div class=\"no-products\">\n\t\t\t\t<p>Les produits r\u00e9cemment consult\u00e9s sont une fonction qui vous aide \u00e0 suivre l'historique de vos derni\u00e8res consultations.<\/p>\n\n\t\t\t\t<a href=\"#\" class=\"motta-button\">Acheter<\/a>\t\t\t<\/div>\n\t\t\t\t\t\t\t<\/div>\n            <\/div>\n        <\/div>\n\t\t\t\t\t\t<\/div>\n\t\t\t\t<\/div>\n\t\t\t\t\t<\/div>\n\t\t<\/div>\n\t\t\t\t\t<\/div>\n\t\t<\/section>\n\t\t\t\t<\/div>","protected":false},"excerpt":{"rendered":"<p>Sale Compare Wishlist AF 1 Shadow Women&#8217;s Sneaker (Cream Color) Rated 5.00 out of 5 5.00 (1 Review) &#36;129.00 &#36;100.00 Add to cart Quick View Sale Compare Wishlist Sku: woo-beanie Defender Series Pro Case for Samsung Galaxy S20+ Rated 5.00 out of 5 5.00 (2 Reviews) &#36;20.00 &#36;18.00 Add to cart Quick View Hot Compare [&hellip;]<\/p>\n","protected":false},"author":1,"featured_media":0,"parent":0,"menu_order":0,"comment_status":"closed","ping_status":"closed","template":"","meta":{"footnotes":""},"class_list":["post-19108","page","type-page","status-publish","hentry"],"_links":{"self":[{"href":"https:\/\/commercin.com\/fr\/wp-json\/wp\/v2\/pages\/19108","targetHints":{"allow":["GET"]}}],"collection":[{"href":"https:\/\/commercin.com\/fr\/wp-json\/wp\/v2\/pages"}],"about":[{"href":"https:\/\/commercin.com\/fr\/wp-json\/wp\/v2\/types\/page"}],"author":[{"embeddable":true,"href":"https:\/\/commercin.com\/fr\/wp-json\/wp\/v2\/users\/1"}],"replies":[{"embeddable":true,"href":"https:\/\/commercin.com\/fr\/wp-json\/wp\/v2\/comments?post=19108"}],"version-history":[{"count":0,"href":"https:\/\/commercin.com\/fr\/wp-json\/wp\/v2\/pages\/19108\/revisions"}],"wp:attachment":[{"href":"https:\/\/commercin.com\/fr\/wp-json\/wp\/v2\/media?parent=19108"}],"curies":[{"name":"wp","href":"https:\/\/api.w.org\/{rel}","templated":true}]}}