{"id":19874,"date":"2023-05-11T09:45:12","date_gmt":"2023-05-11T09:45:12","guid":{"rendered":"https:\/\/motta.uix.store\/?page_id=19874"},"modified":"2026-03-14T21:28:43","modified_gmt":"2026-03-14T21:28:43","slug":"integrite-conformite","status":"publish","type":"page","link":"https:\/\/commercin.com\/fr\/juridique\/integrite-conformite\/","title":{"rendered":"Conformit\u00e9 en mati\u00e8re d&#039;int\u00e9grit\u00e9"},"content":{"rendered":"<div data-elementor-type=\"wp-page\" data-elementor-id=\"19874\" class=\"elementor elementor-19874\" data-elementor-post-type=\"page\">\n\t\t\t\t\t\t<section class=\"elementor-section elementor-top-section elementor-element elementor-element-37593535 elementor-section-boxed elementor-section-height-default elementor-section-height-default motta-responsive-column motta-tablet-column--default motta-responsive-column motta-mobile-column--default\" data-id=\"37593535\" data-element_type=\"section\" data-e-type=\"section\" data-settings=\"{&quot;ekit_has_onepagescroll_dot&quot;:&quot;yes&quot;}\">\n\t\t\t\t\t\t<div class=\"elementor-container elementor-column-gap-default\">\n\t\t\t\t\t<div class=\"elementor-column elementor-col-100 elementor-top-column elementor-element elementor-element-696a45aa\" data-id=\"696a45aa\" data-element_type=\"column\" data-e-type=\"column\">\n\t\t\t<div class=\"elementor-widget-wrap elementor-element-populated\">\n\t\t\t\t\t\t<div class=\"elementor-element elementor-element-1119659c elementor-widget elementor-widget-motta-heading\" data-id=\"1119659c\" data-element_type=\"widget\" data-e-type=\"widget\" data-settings=\"{&quot;ekit_we_effect_on&quot;:&quot;none&quot;}\" data-widget_type=\"motta-heading.default\">\n\t\t\t\t<div class=\"elementor-widget-container\">\n\t\t\t\t\t\t\t<div class=\"motta-heading-elementor motta-heading__button-on\">\n\t\t\t\t<h1 class=\"motta-heading motta-heading--default\">\n\t\t\t\t\tJuridique\t\t\t\t<\/h1>\n\t\t\t\t\t\t\t<\/div>\n\t\t\t\t\t\t<\/div>\n\t\t\t\t<\/div>\n\t\t\t\t\t<\/div>\n\t\t<\/div>\n\t\t\t\t\t<\/div>\n\t\t<\/section>\n\t\t\t\t<section class=\"elementor-section elementor-top-section elementor-element elementor-element-33bc509b elementor-section-boxed elementor-section-height-default elementor-section-height-default motta-responsive-column motta-tablet-column--default motta-responsive-column motta-mobile-column--default\" data-id=\"33bc509b\" data-element_type=\"section\" data-e-type=\"section\" data-settings=\"{&quot;ekit_has_onepagescroll_dot&quot;:&quot;yes&quot;}\">\n\t\t\t\t\t\t<div class=\"elementor-container elementor-column-gap-default\">\n\t\t\t\t\t<div class=\"elementor-column elementor-col-25 elementor-top-column elementor-element elementor-element-7cd4455b\" data-id=\"7cd4455b\" data-element_type=\"column\" data-e-type=\"column\">\n\t\t\t<div class=\"elementor-widget-wrap elementor-element-populated\">\n\t\t\t\t\t\t<div class=\"elementor-element elementor-element-5284aff elementor-widget elementor-widget-motta-navigation-bar\" data-id=\"5284aff\" data-element_type=\"widget\" data-e-type=\"widget\" data-settings=\"{&quot;ekit_we_effect_on&quot;:&quot;none&quot;}\" data-widget_type=\"motta-navigation-bar.default\">\n\t\t\t\t<div class=\"elementor-widget-container\">\n\t\t\t\t\t<div class=\"motta-navigation-bar\"><div class=\"motta-navigation-bar__title motta-navigation-bar__title-item--9e42e4a\"><a href=\"https:\/\/commercin.com\/fr\/juridique\/conditions-dutilisation\/\">Conditions d&#039;utilisation<\/a> <\/div><div class=\"motta-navigation-bar__title motta-navigation-bar__title-item--9d3b048 active\"><a href=\"https:\/\/commercin.com\/fr\/juridique\/integrite-conformite\/\">Conformit\u00e9 en mati\u00e8re d&#039;int\u00e9grit\u00e9<\/a> <\/div><div class=\"motta-navigation-bar__title motta-navigation-bar__title-item--a93a3a7\"><a href=\"https:\/\/commercin.com\/fr\/juridique\/politique-de-confidentialite\/\">Politique De Confidentialit\u00e9<\/a> <\/div><div class=\"motta-navigation-bar__title motta-navigation-bar__title-item--7ba8fe9\"><a href=\"https:\/\/commercin.com\/fr\/juridique\/politiques-et-regles\/\">Politiques et r\u00e8gles<\/a> <\/div><div class=\"motta-navigation-bar__title motta-navigation-bar__title-item--9b2a3c8\"><a href=\"https:\/\/commercin.com\/fr\/juridique\/regles-de-conformite-des-produits\/\">R\u00e8gles de conformit\u00e9 des produits\n<\/a> <\/div><div class=\"motta-navigation-bar__title motta-navigation-bar__title-item--c71b541\"><a href=\"https:\/\/commercin.com\/fr\/juridique\/avis-juridique\/\">Mentions l\u00e9gales<\/a> <\/div><\/div>\t\t\t\t<\/div>\n\t\t\t\t<\/div>\n\t\t\t\t\t<\/div>\n\t\t<\/div>\n\t\t\t\t<div class=\"elementor-column elementor-col-50 elementor-top-column elementor-element elementor-element-4f04f10b\" data-id=\"4f04f10b\" data-element_type=\"column\" data-e-type=\"column\">\n\t\t\t<div class=\"elementor-widget-wrap elementor-element-populated\">\n\t\t\t\t\t\t<div class=\"elementor-element elementor-element-d390609 elementor-widget elementor-widget-motta-heading\" data-id=\"d390609\" data-element_type=\"widget\" data-e-type=\"widget\" data-settings=\"{&quot;ekit_we_effect_on&quot;:&quot;none&quot;}\" data-widget_type=\"motta-heading.default\">\n\t\t\t\t<div class=\"elementor-widget-container\">\n\t\t\t\t\t\t\t<div class=\"motta-heading-elementor motta-heading__button-on\">\n\t\t\t\t<h2 class=\"motta-heading motta-heading--default\">\n\t\t\t\t\tINT\u00c9GRIT\u00c9 CONFORMIT\u00c9\t\t\t\t<\/h2>\n\t\t\t\t\t\t\t<\/div>\n\t\t\t\t\t\t<\/div>\n\t\t\t\t<\/div>\n\t\t\t\t<div class=\"elementor-element elementor-element-78dbaaaa elementor-widget elementor-widget-motta-heading\" data-id=\"78dbaaaa\" data-element_type=\"widget\" data-e-type=\"widget\" data-settings=\"{&quot;ekit_we_effect_on&quot;:&quot;none&quot;}\" data-widget_type=\"motta-heading.default\">\n\t\t\t\t<div class=\"elementor-widget-container\">\n\t\t\t\t\t\t\t<div class=\"motta-heading-elementor motta-heading__button-on\">\n\t\t\t\t<h6 class=\"motta-heading motta-heading--default\">\n\t\t\t\t\tDerni\u00e8re r\u00e9vision : 03.05.2026\t\t\t\t<\/h6>\n\t\t\t\t\t\t\t<\/div>\n\t\t\t\t\t\t<\/div>\n\t\t\t\t<\/div>\n\t\t\t\t<div class=\"elementor-element elementor-element-39d1a5ae elementor-widget-divider--view-line elementor-widget elementor-widget-divider\" data-id=\"39d1a5ae\" data-element_type=\"widget\" data-e-type=\"widget\" data-settings=\"{&quot;ekit_we_effect_on&quot;:&quot;none&quot;}\" data-widget_type=\"divider.default\">\n\t\t\t\t\t\t\t<div class=\"elementor-divider\">\n\t\t\t<span class=\"elementor-divider-separator\">\n\t\t\t\t\t\t<\/span>\n\t\t<\/div>\n\t\t\t\t\t\t<\/div>\n\t\t\t\t<div class=\"elementor-element elementor-element-7e1ed9a9 elementor-widget elementor-widget-motta-heading\" data-id=\"7e1ed9a9\" data-element_type=\"widget\" data-e-type=\"widget\" data-settings=\"{&quot;ekit_we_effect_on&quot;:&quot;none&quot;}\" data-widget_type=\"motta-heading.default\">\n\t\t\t\t<div class=\"elementor-widget-container\">\n\t\t\t\t\t\t\t<div class=\"motta-heading-elementor motta-heading__button-on\">\n\t\t\t\t<h4 class=\"motta-heading motta-heading--default\">\n\t\t\t\t\tNote pour le rapport\n\t\t\t\t<\/h4>\n\t\t\t\t\t\t\t<\/div>\n\t\t\t\t\t\t<\/div>\n\t\t\t\t<\/div>\n\t\t\t\t<div class=\"elementor-element elementor-element-88a7090 elementor-widget elementor-widget-text-editor\" data-id=\"88a7090\" data-element_type=\"widget\" data-e-type=\"widget\" data-settings=\"{&quot;ekit_we_effect_on&quot;:&quot;none&quot;}\" data-widget_type=\"text-editor.default\">\n\t\t\t\t\t\t\t\t\t<p>Commercin.com se consacre \u00e0 la promotion d'un environnement commercial ouvert, transparent et \u00e9thique. Nous nous engageons \u00e0 lutter contre toutes les formes de corruption.<\/p><p>L'\u00e9quipe charg\u00e9e du respect de l'int\u00e9grit\u00e9 de Commercin.com s'occupe des violations suivantes commises par les employ\u00e9s :<\/p><ol><li aria-level=\"1\">Solliciter et accepter des pots-de-vin ; accepter des cadeaux et des divertissements contraires \u00e0 la r\u00e9glementation.<\/li><li aria-level=\"1\">Investissements ou emplois non approuv\u00e9s aupr\u00e8s des fournisseurs, marchands, partenaires commerciaux de Commercin.com, etc.<\/li><li aria-level=\"1\">Abuser de sa position pour obtenir des avantages indus.<\/li><li aria-level=\"1\">Fournir de fausses informations \u00e0 Commercin.com.<\/li><li aria-level=\"1\">Divulguer des informations confidentielles appartenant \u00e0 Commercin.com.<\/li><li aria-level=\"1\">Autres violations des lois et r\u00e8glements.<\/li><\/ol><p>Le service de conformit\u00e9 \u00e0 l'int\u00e9grit\u00e9 de Commercin.com n'accepte que les rapports concernant des infractions commises par des employ\u00e9s internes. Nous vous encourageons \u00e0 r\u00e9v\u00e9ler votre identit\u00e9 lorsque vous soumettez un rapport. Nous nous engageons \u00e0 prot\u00e9ger l'identit\u00e9 des d\u00e9nonciateurs et \u00e0 traiter tous les rapports dans la plus stricte confidentialit\u00e9. Nous nous r\u00e9servons le droit d'intenter une action en justice contre les personnes qui soumettent intentionnellement de fausses informations.<\/p>\t\t\t\t\t\t\t\t<\/div>\n\t\t\t\t<div class=\"elementor-element elementor-element-6e7ade7f elementor-widget elementor-widget-motta-heading\" data-id=\"6e7ade7f\" data-element_type=\"widget\" data-e-type=\"widget\" data-settings=\"{&quot;ekit_we_effect_on&quot;:&quot;none&quot;}\" data-widget_type=\"motta-heading.default\">\n\t\t\t\t<div class=\"elementor-widget-container\">\n\t\t\t\t\t\t\t<div class=\"motta-heading-elementor motta-heading__button-on\">\n\t\t\t\t<h4 class=\"motta-heading motta-heading--default\">\n\t\t\t\t\tInstructions relatives \u00e0 la d\u00e9claration de conformit\u00e9 des entreprises\n\t\t\t\t<\/h4>\n\t\t\t\t\t\t\t<\/div>\n\t\t\t\t\t\t<\/div>\n\t\t\t\t<\/div>\n\t\t\t\t<div class=\"elementor-element elementor-element-45242132 elementor-widget elementor-widget-text-editor\" data-id=\"45242132\" data-element_type=\"widget\" data-e-type=\"widget\" data-settings=\"{&quot;ekit_we_effect_on&quot;:&quot;none&quot;}\" data-widget_type=\"text-editor.default\">\n\t\t\t\t\t\t\t\t\t<p>Commercin.com croit fermement que l'honn\u00eatet\u00e9 et la confiance sont les fondements de nos op\u00e9rations commerciales. Le service juridique et de conformit\u00e9 de Commercin.com traite les rapports concernant les violations des politiques\/exigences de conformit\u00e9 de l'entreprise :<\/p><ol><li aria-level=\"1\"><b>Concurrence d\u00e9loyale<\/b>: La conclusion d'accords de monopole, le comportement coordonn\u00e9 ou l'abus de position dominante sur le march\u00e9.<\/li><li aria-level=\"1\"><b>Protection des donn\u00e9es et des informations personnelles<\/b>: Actions d\u00e9lib\u00e9r\u00e9es conduisant \u00e0 des violations de donn\u00e9es ou \u00e0 des atteintes \u00e0 la vie priv\u00e9e.<\/li><li aria-level=\"1\"><b>Sanctions et contr\u00f4le des exportations<\/b>: Effectuer des transactions qui violent les lois et r\u00e8glements applicables en mati\u00e8re de sanctions et de contr\u00f4le des exportations.<\/li><li aria-level=\"1\"><b>Lutte contre la corruption<\/b>: Offrir ou fournir des avantages indus.<\/li><li aria-level=\"1\"><b>S\u00e9curit\u00e9 des produits et des services<\/b>: Violations graves de la qualit\u00e9 ou de la s\u00e9curit\u00e9 entra\u00eenant un pr\u00e9judice important pour les droits des consommateurs.<\/li><li aria-level=\"1\"><b>D\u00e9lits d'initi\u00e9s<\/b>: Violations de la r\u00e9glementation relative aux op\u00e9rations sur titres.<\/li><li aria-level=\"1\"><b>Secrets d'affaires<\/b>: Les employ\u00e9s qui obtiennent illicitement des informations externes confidentielles.<\/li><\/ol><p><b>Autres<\/b>: Toute autre violation des lois et r\u00e8glements.<\/p>\t\t\t\t\t\t\t\t<\/div>\n\t\t\t\t\t<\/div>\n\t\t<\/div>\n\t\t\t\t<div class=\"elementor-column elementor-col-25 elementor-top-column elementor-element elementor-element-11a6f7ec elementor-hidden-tablet elementor-hidden-mobile\" data-id=\"11a6f7ec\" data-element_type=\"column\" data-e-type=\"column\">\n\t\t\t<div class=\"elementor-widget-wrap\">\n\t\t\t\t\t\t\t<\/div>\n\t\t<\/div>\n\t\t\t\t\t<\/div>\n\t\t<\/section>\n\t\t\t\t<section class=\"elementor-section elementor-top-section elementor-element elementor-element-489d021e elementor-section-stretched elementor-section-boxed elementor-section-height-default elementor-section-height-default motta-responsive-column motta-tablet-column--default motta-responsive-column motta-mobile-column--default\" data-id=\"489d021e\" data-element_type=\"section\" data-e-type=\"section\" data-settings=\"{&quot;stretch_section&quot;:&quot;section-stretched&quot;,&quot;ekit_has_onepagescroll_dot&quot;:&quot;yes&quot;}\">\n\t\t\t\t\t\t<div class=\"elementor-container elementor-column-gap-default\">\n\t\t\t\t\t<div class=\"elementor-column elementor-col-100 elementor-top-column elementor-element elementor-element-63533673\" data-id=\"63533673\" data-element_type=\"column\" data-e-type=\"column\">\n\t\t\t<div class=\"elementor-widget-wrap elementor-element-populated\">\n\t\t\t\t\t\t<section class=\"elementor-section elementor-inner-section elementor-element elementor-element-2d375fe6 elementor-section-full_width elementor-section-height-default elementor-section-height-default motta-responsive-column motta-tablet-column--default motta-responsive-column motta-mobile-column--default\" data-id=\"2d375fe6\" data-element_type=\"section\" data-e-type=\"section\" data-settings=\"{&quot;background_background&quot;:&quot;classic&quot;,&quot;ekit_has_onepagescroll_dot&quot;:&quot;yes&quot;}\">\n\t\t\t\t\t\t<div class=\"elementor-container elementor-column-gap-extended\">\n\t\t\t\t\t<div class=\"elementor-column elementor-col-100 elementor-inner-column elementor-element elementor-element-601e8215\" data-id=\"601e8215\" data-element_type=\"column\" data-e-type=\"column\">\n\t\t\t<div class=\"elementor-widget-wrap elementor-element-populated\">\n\t\t\t\t\t\t<div class=\"elementor-element elementor-element-4dfd2938 elementor-widget elementor-widget-motta-heading\" data-id=\"4dfd2938\" data-element_type=\"widget\" data-e-type=\"widget\" data-settings=\"{&quot;ekit_we_effect_on&quot;:&quot;none&quot;}\" data-widget_type=\"motta-heading.default\">\n\t\t\t\t<div class=\"elementor-widget-container\">\n\t\t\t\t\t\t\t<div class=\"motta-heading-elementor motta-heading__button-on\">\n\t\t\t\t<p class=\"motta-heading motta-heading--default\">\n\t\t\t\t\tContact\t\t\t\t<\/p>\n\t\t\t\t\t\t\t<\/div>\n\t\t\t\t\t\t<\/div>\n\t\t\t\t<\/div>\n\t\t\t\t<div class=\"elementor-element elementor-element-696fc7d4 elementor-widget elementor-widget-motta-heading\" data-id=\"696fc7d4\" data-element_type=\"widget\" data-e-type=\"widget\" data-settings=\"{&quot;ekit_we_effect_on&quot;:&quot;none&quot;}\" data-widget_type=\"motta-heading.default\">\n\t\t\t\t<div class=\"elementor-widget-container\">\n\t\t\t\t\t\t\t<div class=\"motta-heading-elementor motta-heading__button-on\">\n\t\t\t\t<h2 class=\"motta-heading motta-heading--default\">\n\t\t\t\t\tPour toute question, veuillez nous faire part de vos commentaires, <br>\nou des questions juridiques, veuillez nous contacter\t\t\t\t<\/h2>\n\t\t\t\t\t\t\t<\/div>\n\t\t\t\t\t\t<\/div>\n\t\t\t\t<\/div>\n\t\t\t\t<div class=\"elementor-element elementor-element-21c8578e elementor-widget elementor-widget-motta-button\" data-id=\"21c8578e\" data-element_type=\"widget\" data-e-type=\"widget\" data-settings=\"{&quot;ekit_we_effect_on&quot;:&quot;none&quot;}\" data-widget_type=\"motta-button.default\">\n\t\t\t\t<div class=\"elementor-widget-container\">\n\t\t\t\t\t\t\t<a class=\"motta-button motta-button-primary  motta-button--base  motta-button--large\" href=\"https:\/\/commercin.com\/fr\/nous-contacter\/\">\n\t\t\t\t\t\t\t\t\t\t\t\t<span class=\"motta-button__text\">Contactez-Nous<\/span>\n\t\t\t\t\t\t<\/a>\n\t\t\t\t\t\t<\/div>\n\t\t\t\t<\/div>\n\t\t\t\t\t<\/div>\n\t\t<\/div>\n\t\t\t\t\t<\/div>\n\t\t<\/section>\n\t\t\t\t\t<\/div>\n\t\t<\/div>\n\t\t\t\t\t<\/div>\n\t\t<\/section>\n\t\t\t\t<\/div>","protected":false},"excerpt":{"rendered":"<p>Legal Terme Of Use Integrity Compliance Privacy Policy Policies and rules Product Compliance Rules Legal Notice INTEGRITY COMPLIANCE Last Revised: 03.05.2026 Note for Reporting Commercin.com is dedicated to fostering an open, transparent, and ethical business environment. We are committed to combating all forms of corruption. The Commercin.com Integrity Compliance team addresses the following employee violations: [&hellip;]<\/p>\n","protected":false},"author":1,"featured_media":0,"parent":19870,"menu_order":0,"comment_status":"closed","ping_status":"closed","template":"","meta":{"footnotes":""},"class_list":["post-19874","page","type-page","status-publish","hentry"],"_links":{"self":[{"href":"https:\/\/commercin.com\/fr\/wp-json\/wp\/v2\/pages\/19874","targetHints":{"allow":["GET"]}}],"collection":[{"href":"https:\/\/commercin.com\/fr\/wp-json\/wp\/v2\/pages"}],"about":[{"href":"https:\/\/commercin.com\/fr\/wp-json\/wp\/v2\/types\/page"}],"author":[{"embeddable":true,"href":"https:\/\/commercin.com\/fr\/wp-json\/wp\/v2\/users\/1"}],"replies":[{"embeddable":true,"href":"https:\/\/commercin.com\/fr\/wp-json\/wp\/v2\/comments?post=19874"}],"version-history":[{"count":22,"href":"https:\/\/commercin.com\/fr\/wp-json\/wp\/v2\/pages\/19874\/revisions"}],"predecessor-version":[{"id":25038,"href":"https:\/\/commercin.com\/fr\/wp-json\/wp\/v2\/pages\/19874\/revisions\/25038"}],"up":[{"embeddable":true,"href":"https:\/\/commercin.com\/fr\/wp-json\/wp\/v2\/pages\/19870"}],"wp:attachment":[{"href":"https:\/\/commercin.com\/fr\/wp-json\/wp\/v2\/media?parent=19874"}],"curies":[{"name":"wp","href":"https:\/\/api.w.org\/{rel}","templated":true}]}}