{"id":32,"date":"2025-09-26T20:52:58","date_gmt":"2025-09-26T20:52:58","guid":{"rendered":"https:\/\/commercin.com\/cart\/"},"modified":"2025-10-18T18:49:50","modified_gmt":"2025-10-18T18:49:50","slug":"chariot","status":"publish","type":"page","link":"https:\/\/commercin.com\/fr\/chariot\/","title":{"rendered":"Chariot"},"content":{"rendered":"<div data-block-name=\"woocommerce\/cart\" class=\"wp-block-woocommerce-cart alignwide is-loading\">\n<div data-block-name=\"woocommerce\/filled-cart-block\" class=\"wp-block-woocommerce-filled-cart-block\">\n<div data-block-name=\"woocommerce\/cart-items-block\" class=\"wp-block-woocommerce-cart-items-block\">\n<div data-block-name=\"woocommerce\/cart-line-items-block\" class=\"wp-block-woocommerce-cart-line-items-block\"><\/div>\n\n\n<\/div>\n\n\n\n\n<div data-block-name=\"woocommerce\/cart-totals-block\" class=\"wp-block-woocommerce-cart-totals-block\">\n<div data-block-name=\"woocommerce\/cart-order-summary-block\" class=\"wp-block-woocommerce-cart-order-summary-block\">\n<div data-block-name=\"woocommerce\/cart-order-summary-heading-block\" class=\"wp-block-woocommerce-cart-order-summary-heading-block\"><\/div><div data-block-name=\"woocommerce\/cart-order-summary-coupon-form-block\" class=\"wp-block-woocommerce-cart-order-summary-coupon-form-block\"><\/div><div data-block-name=\"woocommerce\/cart-order-summary-totals-block\" class=\"wp-block-woocommerce-cart-order-summary-totals-block\">\n<div data-block-name=\"woocommerce\/cart-order-summary-subtotal-block\" class=\"wp-block-woocommerce-cart-order-summary-subtotal-block\"><\/div>\n<div data-block-name=\"woocommerce\/cart-order-summary-discount-block\" class=\"wp-block-woocommerce-cart-order-summary-discount-block\"><\/div>\n<div data-block-name=\"woocommerce\/cart-order-summary-fee-block\" class=\"wp-block-woocommerce-cart-order-summary-fee-block\"><\/div>\n<div data-block-name=\"woocommerce\/cart-order-summary-shipping-block\" class=\"wp-block-woocommerce-cart-order-summary-shipping-block\"><\/div>\n<div data-block-name=\"woocommerce\/cart-order-summary-taxes-block\" class=\"wp-block-woocommerce-cart-order-summary-taxes-block\"><\/div><\/div>\n<\/div>\n\n\n\n<div data-block-name=\"woocommerce\/cart-express-payment-block\" class=\"wp-block-woocommerce-cart-express-payment-block\"><\/div>\n\n\n\n<div data-block-name=\"woocommerce\/proceed-to-checkout-block\" class=\"wp-block-woocommerce-proceed-to-checkout-block\"><\/div>\n\n\n\n<div data-block-name=\"woocommerce\/cart-accepted-payment-methods-block\" class=\"wp-block-woocommerce-cart-accepted-payment-methods-block\"><\/div>\n<\/div>\n<\/div>\n\n\n\n<div data-block-name=\"woocommerce\/empty-cart-block\" class=\"wp-block-woocommerce-empty-cart-block\">\n<h2 class=\"wp-block-heading has-text-align-center with-empty-cart-icon wc-block-cart__empty-cart__title\">Votre panier est actuellement vide !<\/h2>\n\n\n\n<hr class=\"wp-block-separator has-alpha-channel-opacity is-style-dots\"\/>\n\n\n\n<h2 class=\"wp-block-heading has-text-align-center\">Nouveau en magasin<\/h2>\n\n\n<div data-block-name=\"woocommerce\/product-new\" data-columns=\"4\" data-rows=\"1\" class=\"wc-block-grid wp-block-product-new wp-block-woocommerce-product-new wc-block-product-new has-4-columns\"><ul class=\"wc-block-grid__products\"><li class=\"wc-block-grid__product\">\n\t\t\t\t<a href=\"https:\/\/commercin.com\/fr\/boutique\/pompes-et-equipements-de-gestion-de-leau\/pompe-horizontale-a-un-etage-a-moteur-diesel-hrzl-c-is\/\" class=\"wc-block-grid__product-link\">\n\t\t\t\t\t\n\t\t\t\t\t<div class=\"wc-block-grid__product-image\"><img fetchpriority=\"high\" decoding=\"async\" width=\"300\" height=\"300\" src=\"https:\/\/commercin.com\/wp-content\/uploads\/2022\/09\/e39e01ed8418dac4ebfaaa1c2daf69a0-300x300.jpg\" class=\"attachment-woocommerce_thumbnail size-woocommerce_thumbnail\" alt=\"Pompe horizontale mono-\u00e9tag\u00e9e \u00e0 moteur diesel HRZL-C\/IS\" srcset=\"https:\/\/commercin.com\/wp-content\/uploads\/2022\/09\/e39e01ed8418dac4ebfaaa1c2daf69a0-300x300.jpg 300w, https:\/\/commercin.com\/wp-content\/uploads\/2022\/09\/e39e01ed8418dac4ebfaaa1c2daf69a0-150x150.jpg 150w, https:\/\/commercin.com\/wp-content\/uploads\/2022\/09\/e39e01ed8418dac4ebfaaa1c2daf69a0-100x100.jpg 100w\" sizes=\"(max-width: 300px) 100vw, 300px\" \/><\/div>\n\t\t\t\t\t<div class=\"wc-block-grid__product-title\">Pompe horizontale mono-\u00e9tag\u00e9e \u00e0 moteur diesel HRZL-C\/IS<\/div>\n\t\t\t\t<\/a>\n\t\t\t\t<div class=\"wc-block-grid__product-price price\"><span class=\"woocommerce-Price-amount amount\"><span class=\"woocommerce-Price-currencySymbol\">&#8381;<\/span>&nbsp;1.850.000<\/span><\/div>\n\t\t\t\t\n\t\t\t\t<div class=\"wp-block-button wc-block-grid__product-add-to-cart\"><a href=\"\/fr\/wp-json\/wp\/v2\/pages\/32?add-to-cart=24501\" aria-label=\"Ajouter au panier\u00a0: \u201cDiesel Engine Horizontal Single-Stage Pump HRZL-C\/IS\u201d\" data-quantity=\"1\" data-product_id=\"24501\" data-product_sku=\"\" data-price=\"1850000\" rel=\"nofollow\" class=\"wp-block-button__link  add_to_cart_button ajax_add_to_cart\" data-no-translation=\"\" data-trp-gettext=\"\" data-no-translation-aria-label=\"\">Ajouter au panier<\/a><\/div>\n\t\t\t<\/li><li class=\"wc-block-grid__product\">\n\t\t\t\t<a href=\"https:\/\/commercin.com\/fr\/boutique\/accessoires-et-pieces-de-rechange\/tuyaux-et-buses-pour-systeme-dirrigation\/equipement-dirrigation-par-aspersion-a-grande-echelle-pour-lagriculture-machine-dirrigation-par-aspersion-a-bobine\/\" class=\"wc-block-grid__product-link\">\n\t\t\t\t\t<div class=\"wc-block-grid__product-onsale\">\n\t\t\t<span aria-hidden=\"true\" data-no-translation=\"\" data-trp-gettext=\"\">Promo<\/span>\n\t\t\t<span class=\"screen-reader-text\" data-no-translation=\"\" data-trp-gettext=\"\">Produit en promotion<\/span>\n\t\t<\/div>\n\t\t\t\t\t<div class=\"wc-block-grid__product-image\"><img decoding=\"async\" width=\"300\" height=\"300\" src=\"https:\/\/commercin.com\/wp-content\/uploads\/2022\/09\/Screenshot-2026-02-08-170338-300x300.png\" class=\"attachment-woocommerce_thumbnail size-woocommerce_thumbnail\" alt=\"\u00c9quipement d&#039;irrigation par aspersion \u00e0 grande \u00e9chelle pour l&#039;agriculture \/ Machine d&#039;irrigation par aspersion \u00e0 enrouleur\" srcset=\"https:\/\/commercin.com\/wp-content\/uploads\/2022\/09\/Screenshot-2026-02-08-170338-300x300.png 300w, https:\/\/commercin.com\/wp-content\/uploads\/2022\/09\/Screenshot-2026-02-08-170338-150x150.png 150w, https:\/\/commercin.com\/wp-content\/uploads\/2022\/09\/Screenshot-2026-02-08-170338-100x100.png 100w\" sizes=\"(max-width: 300px) 100vw, 300px\" \/><\/div>\n\t\t\t\t\t<div class=\"wc-block-grid__product-title\">\u00c9quipement d'irrigation par aspersion \u00e0 grande \u00e9chelle pour l'agriculture \/ Machine d'irrigation par aspersion \u00e0 enrouleur<\/div>\n\t\t\t\t<\/a>\n\t\t\t\t<div class=\"wc-block-grid__product-price price\"><del aria-hidden=\"true\"><span class=\"woocommerce-Price-amount amount\"><span class=\"woocommerce-Price-currencySymbol\">&#8381;<\/span>&nbsp;3.250.000<\/span><\/del> <span class=\"screen-reader-text\" data-no-translation=\"\" data-trp-gettext=\"\">Le prix initial \u00e9tait\u00a0: &#8381;&nbsp;3.250.000.<\/span><ins aria-hidden=\"true\"><span class=\"woocommerce-Price-amount amount\"><span class=\"woocommerce-Price-currencySymbol\">&#8381;<\/span>&nbsp;3.050.000<\/span><\/ins><span class=\"screen-reader-text\" data-no-translation=\"\" data-trp-gettext=\"\">Le prix actuel est\u00a0: &#8381;&nbsp;3.050.000.<\/span><\/div>\n\t\t\t\t\n\t\t\t\t<div class=\"wp-block-button wc-block-grid__product-add-to-cart\"><a href=\"\/fr\/wp-json\/wp\/v2\/pages\/32?add-to-cart=24499\" aria-label=\"Ajouter au panier\u00a0: \u201cLarge-Scale Agricultural Sprinkler Irrigation Equipment \/ Reel Sprinkler Irrigation Machine\u201d\" data-quantity=\"1\" data-product_id=\"24499\" data-product_sku=\"\" data-price=\"3050000\" rel=\"nofollow\" class=\"wp-block-button__link  add_to_cart_button ajax_add_to_cart\" data-no-translation=\"\" data-trp-gettext=\"\" data-no-translation-aria-label=\"\">Ajouter au panier<\/a><\/div>\n\t\t\t<\/li><li class=\"wc-block-grid__product\">\n\t\t\t\t<a href=\"https:\/\/commercin.com\/fr\/boutique\/la-transformation-des-produits-agricoles\/machine-de-nettoyage-des-grains-agricoles-ble-sesame-blanc-haricots-mais\/\" class=\"wc-block-grid__product-link\">\n\t\t\t\t\t\n\t\t\t\t\t<div class=\"wc-block-grid__product-image\"><img decoding=\"async\" width=\"300\" height=\"300\" src=\"https:\/\/commercin.com\/wp-content\/uploads\/2022\/09\/Screenshot-2026-02-08-172410-300x300.png\" class=\"attachment-woocommerce_thumbnail size-woocommerce_thumbnail\" alt=\"Machine \u00e0 nettoyer les grains agricoles - Bl\u00e9, S\u00e9same blanc, Haricots, Ma\u00efs\" srcset=\"https:\/\/commercin.com\/wp-content\/uploads\/2022\/09\/Screenshot-2026-02-08-172410-300x300.png 300w, https:\/\/commercin.com\/wp-content\/uploads\/2022\/09\/Screenshot-2026-02-08-172410-150x150.png 150w, https:\/\/commercin.com\/wp-content\/uploads\/2022\/09\/Screenshot-2026-02-08-172410-12x12.png 12w, https:\/\/commercin.com\/wp-content\/uploads\/2022\/09\/Screenshot-2026-02-08-172410-100x100.png 100w, https:\/\/commercin.com\/wp-content\/uploads\/2022\/09\/Screenshot-2026-02-08-172410.png 467w\" sizes=\"(max-width: 300px) 100vw, 300px\" \/><\/div>\n\t\t\t\t\t<div class=\"wc-block-grid__product-title\">Machine \u00e0 nettoyer les grains agricoles - Bl\u00e9, S\u00e9same blanc, Haricots, Ma\u00efs<\/div>\n\t\t\t\t<\/a>\n\t\t\t\t<div class=\"wc-block-grid__product-price price\"><span class=\"woocommerce-Price-amount amount\"><span class=\"woocommerce-Price-currencySymbol\">&#8381;<\/span>&nbsp;1.950.000<\/span><\/div>\n\t\t\t\t\n\t\t\t\t<div class=\"wp-block-button wc-block-grid__product-add-to-cart\"><a href=\"\/fr\/wp-json\/wp\/v2\/pages\/32?add-to-cart=24498\" aria-label=\"Ajouter au panier\u00a0: \u201cAgricultural Grain Cleaning Machine \u2013 Wheat, White Sesame, Beans, Corn\u201d\" data-quantity=\"1\" data-product_id=\"24498\" data-product_sku=\"\" data-price=\"1950000\" rel=\"nofollow\" class=\"wp-block-button__link  add_to_cart_button ajax_add_to_cart\" data-no-translation=\"\" data-trp-gettext=\"\" data-no-translation-aria-label=\"\">Ajouter au panier<\/a><\/div>\n\t\t\t<\/li><li class=\"wc-block-grid__product\">\n\t\t\t\t<a href=\"https:\/\/commercin.com\/fr\/boutique\/machines-agricoles\/ec-18\/\" class=\"wc-block-grid__product-link\">\n\t\t\t\t\t\n\t\t\t\t\t<div class=\"wc-block-grid__product-image\"><img loading=\"lazy\" decoding=\"async\" width=\"300\" height=\"300\" src=\"https:\/\/commercin.com\/wp-content\/uploads\/2022\/09\/6a4ee770-e001-4dec-b7d2-6e1c1c92f574-1-1-300x300.jpg\" class=\"attachment-woocommerce_thumbnail size-woocommerce_thumbnail\" alt=\"EC-18\" srcset=\"https:\/\/commercin.com\/wp-content\/uploads\/2022\/09\/6a4ee770-e001-4dec-b7d2-6e1c1c92f574-1-1-300x300.jpg 300w, https:\/\/commercin.com\/wp-content\/uploads\/2022\/09\/6a4ee770-e001-4dec-b7d2-6e1c1c92f574-1-1-150x150.jpg 150w, https:\/\/commercin.com\/wp-content\/uploads\/2022\/09\/6a4ee770-e001-4dec-b7d2-6e1c1c92f574-1-1-768x768.jpg 768w, https:\/\/commercin.com\/wp-content\/uploads\/2022\/09\/6a4ee770-e001-4dec-b7d2-6e1c1c92f574-1-1-12x12.jpg 12w, https:\/\/commercin.com\/wp-content\/uploads\/2022\/09\/6a4ee770-e001-4dec-b7d2-6e1c1c92f574-1-1-600x600.jpg 600w, https:\/\/commercin.com\/wp-content\/uploads\/2022\/09\/6a4ee770-e001-4dec-b7d2-6e1c1c92f574-1-1-100x100.jpg 100w, https:\/\/commercin.com\/wp-content\/uploads\/2022\/09\/6a4ee770-e001-4dec-b7d2-6e1c1c92f574-1-1.jpg 1000w\" sizes=\"(max-width: 300px) 100vw, 300px\" \/><\/div>\n\t\t\t\t\t<div class=\"wc-block-grid__product-title\">EC-18<\/div>\n\t\t\t\t<\/a>\n\t\t\t\t<div class=\"wc-block-grid__product-price price\"><span class=\"woocommerce-Price-amount amount\"><span class=\"woocommerce-Price-currencySymbol\">&#8381;<\/span>&nbsp;2.750.000<\/span><\/div>\n\t\t\t\t\n\t\t\t\t<div class=\"wp-block-button wc-block-grid__product-add-to-cart\"><a href=\"\/fr\/wp-json\/wp\/v2\/pages\/32?add-to-cart=24497\" aria-label=\"Ajouter au panier\u00a0: \u201cEC-18\u201d\" data-quantity=\"1\" data-product_id=\"24497\" data-product_sku=\"\" data-price=\"2750000\" rel=\"nofollow\" class=\"wp-block-button__link  add_to_cart_button ajax_add_to_cart\" data-no-translation=\"\" data-trp-gettext=\"\" data-no-translation-aria-label=\"\">Ajouter au panier<\/a><\/div>\n\t\t\t<\/li><\/ul><\/div><\/div>\n<\/div>","protected":false},"excerpt":{"rendered":"","protected":false},"author":1,"featured_media":0,"parent":0,"menu_order":0,"comment_status":"closed","ping_status":"closed","template":"","meta":{"footnotes":""},"class_list":["post-32","page","type-page","status-publish","hentry"],"_links":{"self":[{"href":"https:\/\/commercin.com\/fr\/wp-json\/wp\/v2\/pages\/32","targetHints":{"allow":["GET"]}}],"collection":[{"href":"https:\/\/commercin.com\/fr\/wp-json\/wp\/v2\/pages"}],"about":[{"href":"https:\/\/commercin.com\/fr\/wp-json\/wp\/v2\/types\/page"}],"author":[{"embeddable":true,"href":"https:\/\/commercin.com\/fr\/wp-json\/wp\/v2\/users\/1"}],"replies":[{"embeddable":true,"href":"https:\/\/commercin.com\/fr\/wp-json\/wp\/v2\/comments?post=32"}],"version-history":[{"count":1,"href":"https:\/\/commercin.com\/fr\/wp-json\/wp\/v2\/pages\/32\/revisions"}],"predecessor-version":[{"id":21080,"href":"https:\/\/commercin.com\/fr\/wp-json\/wp\/v2\/pages\/32\/revisions\/21080"}],"wp:attachment":[{"href":"https:\/\/commercin.com\/fr\/wp-json\/wp\/v2\/media?parent=32"}],"curies":[{"name":"wp","href":"https:\/\/api.w.org\/{rel}","templated":true}]}}