{"id":24495,"date":"2026-02-09T15:34:22","date_gmt":"2026-02-09T15:34:22","guid":{"rendered":"https:\/\/commercin.com\/?post_type=product&#038;p=24495"},"modified":"2026-02-20T22:25:27","modified_gmt":"2026-02-20T22:25:27","slug":"lampe-de-bureau-usb-a-dome-noir-lex","status":"publish","type":"product","link":"https:\/\/commercin.com\/fr\/boutique\/equipements-industriels\/chariots-elevateurs\/lampe-de-bureau-usb-a-dome-noir-lex\/","title":{"rendered":"K25 Nissan Engine 3 Ton Lpg Forklift Truck"},"content":{"rendered":"<p data-start=\"183\" data-end=\"605\">Le <strong data-start=\"187\" data-end=\"233\">K25 Nissan Engine 3 Ton LPG Forklift Truck<\/strong><br \/>\nest une solution de manutention puissante et fiable con\u00e7ue pour les op\u00e9rations industrielles et d'entreposage. \u00c9quip\u00e9 d'un moteur Nissan K25 LPG \u00e9prouv\u00e9, il offre des performances en douceur, de faibles \u00e9missions et un excellent rendement \u00e9nerg\u00e9tique. Avec une capacit\u00e9 de levage de 3 tonnes, ce chariot \u00e9l\u00e9vateur est id\u00e9al pour les t\u00e2ches de manutention lourdes dans les centres logistiques, les usines et les installations industrielles.<\/p>\n<p><img fetchpriority=\"high\" decoding=\"async\" class=\"wp-image-24539 aligncenter\" src=\"https:\/\/commercin.com\/wp-content\/uploads\/2026\/02\/Gemini_Generated_Image_7ur1nt7ur1nt7ur1-300x269.jpg\" alt=\"\" width=\"366\" height=\"328\" srcset=\"https:\/\/commercin.com\/wp-content\/uploads\/2026\/02\/Gemini_Generated_Image_7ur1nt7ur1nt7ur1-300x269.jpg 300w, https:\/\/commercin.com\/wp-content\/uploads\/2026\/02\/Gemini_Generated_Image_7ur1nt7ur1nt7ur1-768x689.jpg 768w, https:\/\/commercin.com\/wp-content\/uploads\/2026\/02\/Gemini_Generated_Image_7ur1nt7ur1nt7ur1-13x12.jpg 13w, https:\/\/commercin.com\/wp-content\/uploads\/2026\/02\/Gemini_Generated_Image_7ur1nt7ur1nt7ur1-600x538.jpg 600w, https:\/\/commercin.com\/wp-content\/uploads\/2026\/02\/Gemini_Generated_Image_7ur1nt7ur1nt7ur1.jpg 1016w\" sizes=\"(max-width: 366px) 100vw, 366px\" \/><\/p>\n<p style=\"font-size: 16px; font-style: normal; font-weight: 500;\">Plus d&#039;informations<\/p>\n<ul>\n<li data-start=\"663\" data-end=\"756\">\n<p data-start=\"665\" data-end=\"756\"><strong data-start=\"665\" data-end=\"690\">Moteur Nissan K25 LPG<\/strong> garantit une puissance fiable, un fonctionnement souple et des \u00e9missions r\u00e9duites<\/p>\n<\/li>\n<li data-start=\"757\" data-end=\"853\">\n<p data-start=\"759\" data-end=\"853\"><strong data-start=\"759\" data-end=\"785\">Capacit\u00e9 de levage de 3 tonnes<\/strong> convient pour les charges lourdes dans les environnements industriels et les entrep\u00f4ts<\/p>\n<\/li>\n<li data-start=\"854\" data-end=\"951\">\n<p data-start=\"856\" data-end=\"951\"><strong data-start=\"856\" data-end=\"878\">Syst\u00e8me aliment\u00e9 au GPL<\/strong> offre une combustion plus propre et des co\u00fbts d'exploitation plus faibles que le diesel<\/p>\n<\/li>\n<li data-start=\"952\" data-end=\"1030\">\n<p data-start=\"954\" data-end=\"1030\"><strong data-start=\"954\" data-end=\"982\">Conception robuste et stable<\/strong> assure une manutention s\u00fbre et efficace des mat\u00e9riaux<\/p>\n<\/li>\n<li data-start=\"1031\" data-end=\"1099\">\n<p data-start=\"1033\" data-end=\"1099\"><strong data-start=\"1033\" data-end=\"1057\">Man\u0153uvrabilit\u00e9 ais\u00e9e<\/strong> id\u00e9al pour les op\u00e9rations \u00e0 l'int\u00e9rieur et \u00e0 l'ext\u00e9rieur<\/p>\n<\/li>\n<li data-start=\"1100\" data-end=\"1182\">\n<p data-start=\"1102\" data-end=\"1182\"><strong data-start=\"1102\" data-end=\"1129\">Cabine conviviale pour l'op\u00e9rateur<\/strong> con\u00e7u pour le confort, la visibilit\u00e9 et la productivit\u00e9<\/p>\n<\/li>\n<li data-start=\"1183\" data-end=\"1270\">\n<p data-start=\"1185\" data-end=\"1270\"><strong data-start=\"1185\" data-end=\"1217\">Faibles exigences en mati\u00e8re d'entretien<\/strong> r\u00e9duire les temps d'arr\u00eat et am\u00e9liorer l'efficacit\u00e9 op\u00e9rationnelle<\/p>\n<\/li>\n<\/ul>\n<p>&nbsp;<\/p>\n<p>&nbsp;<\/p>","protected":false},"excerpt":{"rendered":"<p>The K25 Nissan Engine 3 Ton LPG Forklift Truck is a powerful and reliable material handling solution designed for industrial and warehouse operations. Equipped with a proven Nissan K25 LPG engine, it delivers smooth performance, low emissions, and excellent fuel efficiency. With a 3-ton lifting capacity, this forklift is ideal for heavy-duty handling tasks in [&hellip;]<\/p>\n","protected":false},"featured_media":24538,"comment_status":"open","ping_status":"closed","template":"","meta":[],"product_brand":[],"product_cat":[2655,2654,2648],"product_tag":[186],"class_list":{"0":"post-24495","1":"product","2":"type-product","3":"status-publish","4":"has-post-thumbnail","6":"product_cat-forklifts","7":"product_cat-handling-and-storage-equipment","8":"product_cat-industrial-equipment","9":"product_tag-popular-products","11":"first","12":"instock","13":"featured","14":"shipping-taxable","15":"purchasable","16":"product-type-simple"},"_links":{"self":[{"href":"https:\/\/commercin.com\/fr\/wp-json\/wp\/v2\/product\/24495","targetHints":{"allow":["GET"]}}],"collection":[{"href":"https:\/\/commercin.com\/fr\/wp-json\/wp\/v2\/product"}],"about":[{"href":"https:\/\/commercin.com\/fr\/wp-json\/wp\/v2\/types\/product"}],"replies":[{"embeddable":true,"href":"https:\/\/commercin.com\/fr\/wp-json\/wp\/v2\/comments?post=24495"}],"wp:featuredmedia":[{"embeddable":true,"href":"https:\/\/commercin.com\/fr\/wp-json\/wp\/v2\/media\/24538"}],"wp:attachment":[{"href":"https:\/\/commercin.com\/fr\/wp-json\/wp\/v2\/media?parent=24495"}],"wp:term":[{"taxonomy":"product_brand","embeddable":true,"href":"https:\/\/commercin.com\/fr\/wp-json\/wp\/v2\/product_brand?post=24495"},{"taxonomy":"product_cat","embeddable":true,"href":"https:\/\/commercin.com\/fr\/wp-json\/wp\/v2\/product_cat?post=24495"},{"taxonomy":"product_tag","embeddable":true,"href":"https:\/\/commercin.com\/fr\/wp-json\/wp\/v2\/product_tag?post=24495"}],"curies":[{"name":"wp","href":"https:\/\/api.w.org\/{rel}","templated":true}]}}