{"id":24497,"date":"2026-02-09T15:34:22","date_gmt":"2026-02-09T15:34:22","guid":{"rendered":"https:\/\/commercin.com\/?post_type=product&#038;p=24497"},"modified":"2026-03-14T22:26:11","modified_gmt":"2026-03-14T22:26:11","slug":"ec-18","status":"publish","type":"product","link":"https:\/\/commercin.com\/fr\/boutique\/machines-agricoles\/ec-18\/","title":{"rendered":"EC-18"},"content":{"rendered":"<p data-start=\"188\" data-end=\"580\">Le <strong data-start=\"192\" data-end=\"201\">EC-18<\/strong> est une machine agricole robuste et polyvalente con\u00e7ue pour am\u00e9liorer l'efficacit\u00e9 des op\u00e9rations sur le terrain. Construite avec des mat\u00e9riaux durables et con\u00e7ue pour \u00eatre fiable, elle prend en charge diverses t\u00e2ches agricoles tout en garantissant une facilit\u00e9 d'utilisation et un entretien minimal. Id\u00e9ale pour les exploitations agricoles de moyenne et grande envergure, la EC-18 am\u00e9liore la productivit\u00e9 et r\u00e9duit les efforts op\u00e9rationnels des agriculteurs.<\/p>\n<p><img fetchpriority=\"high\" decoding=\"async\" class=\"alignnone wp-image-24455 aligncenter\" src=\"https:\/\/commercin.com\/wp-content\/uploads\/2022\/09\/Gemini_Generated_Image_tqq4d4tqq4d4tqq4-300x274.jpg\" alt=\"\" width=\"353\" height=\"322\" srcset=\"https:\/\/commercin.com\/wp-content\/uploads\/2022\/09\/Gemini_Generated_Image_tqq4d4tqq4d4tqq4-300x274.jpg 300w, https:\/\/commercin.com\/wp-content\/uploads\/2022\/09\/Gemini_Generated_Image_tqq4d4tqq4d4tqq4-768x702.jpg 768w, https:\/\/commercin.com\/wp-content\/uploads\/2022\/09\/Gemini_Generated_Image_tqq4d4tqq4d4tqq4-13x12.jpg 13w, https:\/\/commercin.com\/wp-content\/uploads\/2022\/09\/Gemini_Generated_Image_tqq4d4tqq4d4tqq4-600x549.jpg 600w, https:\/\/commercin.com\/wp-content\/uploads\/2022\/09\/Gemini_Generated_Image_tqq4d4tqq4d4tqq4.jpg 1018w\" sizes=\"(max-width: 353px) 100vw, 353px\" \/><\/p>\n<p style=\"font-size: 16px; font-style: normal; font-weight: 500;\">Plus d&#039;informations<\/p>\n<ul>\n<li data-pm-slice=\"1 1 []\"><strong>La construction durable garantit<\/strong> performance durable dans des conditions de terrain difficiles<\/li>\n<li><strong>Applications agricoles polyvalentes adapt\u00e9es<\/strong> pour de multiples types de cultures et d'op\u00e9rations agricoles<\/li>\n<li><strong>Conception conviviale<\/strong> permet une utilisation et un entretien faciles<\/li>\n<li><strong>Efficacit\u00e9 op\u00e9rationnelle \u00e9lev\u00e9e<\/strong> r\u00e9duit le temps de travail et augmente la productivit\u00e9<\/li>\n<li><strong>Adaptable aux moyennes<\/strong> aux grandes exploitations et aux coop\u00e9ratives agricoles<\/li>\n<li><strong>Faibles exigences en mati\u00e8re d'entretien<\/strong> garantissent un temps d'arr\u00eat minimal et des performances constantes<\/li>\n<li><strong>Des performances fiables<\/strong> dans diverses conditions d'environnement et de terrain<\/li>\n<\/ul>","protected":false},"excerpt":{"rendered":"<p>The EC-18 is a robust and versatile agricultural machine designed to improve efficiency in field operations. Built with durable materials and engineered for reliability, it supports various farming tasks while ensuring ease of use and minimal maintenance. Ideal for medium to large-scale agricultural operations, the EC-18 enhances productivity and reduces operational effort for farmers. More [&hellip;]<\/p>\n","protected":false},"featured_media":24454,"comment_status":"open","ping_status":"closed","template":"","meta":[],"product_brand":[],"product_cat":[2240],"product_tag":[171],"class_list":{"0":"post-24497","1":"product","2":"type-product","3":"status-publish","4":"has-post-thumbnail","6":"product_cat-agricultural-machinery","7":"product_tag-new-arrivals","9":"first","10":"instock","11":"featured","12":"shipping-taxable","13":"purchasable","14":"product-type-simple"},"_links":{"self":[{"href":"https:\/\/commercin.com\/fr\/wp-json\/wp\/v2\/product\/24497","targetHints":{"allow":["GET"]}}],"collection":[{"href":"https:\/\/commercin.com\/fr\/wp-json\/wp\/v2\/product"}],"about":[{"href":"https:\/\/commercin.com\/fr\/wp-json\/wp\/v2\/types\/product"}],"replies":[{"embeddable":true,"href":"https:\/\/commercin.com\/fr\/wp-json\/wp\/v2\/comments?post=24497"}],"wp:featuredmedia":[{"embeddable":true,"href":"https:\/\/commercin.com\/fr\/wp-json\/wp\/v2\/media\/24454"}],"wp:attachment":[{"href":"https:\/\/commercin.com\/fr\/wp-json\/wp\/v2\/media?parent=24497"}],"wp:term":[{"taxonomy":"product_brand","embeddable":true,"href":"https:\/\/commercin.com\/fr\/wp-json\/wp\/v2\/product_brand?post=24497"},{"taxonomy":"product_cat","embeddable":true,"href":"https:\/\/commercin.com\/fr\/wp-json\/wp\/v2\/product_cat?post=24497"},{"taxonomy":"product_tag","embeddable":true,"href":"https:\/\/commercin.com\/fr\/wp-json\/wp\/v2\/product_tag?post=24497"}],"curies":[{"name":"wp","href":"https:\/\/api.w.org\/{rel}","templated":true}]}}