{"id":24498,"date":"2026-02-09T15:34:38","date_gmt":"2026-02-09T15:34:38","guid":{"rendered":"https:\/\/commercin.com\/?post_type=product&#038;p=24498"},"modified":"2026-02-09T15:55:44","modified_gmt":"2026-02-09T15:55:44","slug":"machine-de-nettoyage-des-grains-agricoles-ble-sesame-blanc-haricots-mais","status":"publish","type":"product","link":"https:\/\/commercin.com\/fr\/boutique\/la-transformation-des-produits-agricoles\/machine-de-nettoyage-des-grains-agricoles-ble-sesame-blanc-haricots-mais\/","title":{"rendered":"Machine \u00e0 nettoyer les grains agricoles - Bl\u00e9, S\u00e9same blanc, Haricots, Ma\u00efs"},"content":{"rendered":"<p data-start=\"223\" data-end=\"646\">Le <strong data-start=\"227\" data-end=\"266\">Machine \u00e0 nettoyer les grains agricoles<\/strong> est une solution \u00e0 haut rendement con\u00e7ue pour \u00e9liminer les impuret\u00e9s et garantir des c\u00e9r\u00e9ales propres et de haute qualit\u00e9. Adapt\u00e9e au bl\u00e9, au s\u00e9same blanc, aux haricots, au ma\u00efs et \u00e0 d'autres c\u00e9r\u00e9ales, cette machine am\u00e9liore l'efficacit\u00e9 du traitement et r\u00e9duit les pertes post-r\u00e9colte. Sa construction durable et son fonctionnement convivial en font un outil id\u00e9al pour les exploitations agricoles, les installations de traitement des c\u00e9r\u00e9ales et les coop\u00e9ratives agricoles.<\/p>\n<p style=\"text-align: center;\"><img fetchpriority=\"high\" decoding=\"async\" class=\"alignnone  wp-image-24526\" src=\"https:\/\/commercin.com\/wp-content\/uploads\/2026\/02\/Gemini_Generated_Image_c7wqx1c7wqx1c7wq-300x288.jpg\" alt=\"\" width=\"329\" height=\"316\" srcset=\"https:\/\/commercin.com\/wp-content\/uploads\/2026\/02\/Gemini_Generated_Image_c7wqx1c7wqx1c7wq-300x288.jpg 300w, https:\/\/commercin.com\/wp-content\/uploads\/2026\/02\/Gemini_Generated_Image_c7wqx1c7wqx1c7wq-768x737.jpg 768w, https:\/\/commercin.com\/wp-content\/uploads\/2026\/02\/Gemini_Generated_Image_c7wqx1c7wqx1c7wq-13x12.jpg 13w, https:\/\/commercin.com\/wp-content\/uploads\/2026\/02\/Gemini_Generated_Image_c7wqx1c7wqx1c7wq-600x576.jpg 600w, https:\/\/commercin.com\/wp-content\/uploads\/2026\/02\/Gemini_Generated_Image_c7wqx1c7wqx1c7wq.jpg 982w\" sizes=\"(max-width: 329px) 100vw, 329px\" \/><\/p>\n<p style=\"font-size: 16px; font-style: normal; font-weight: 500;\">Plus d&#039;informations<\/p>\n<ul data-start=\"704\" data-end=\"1359\">\n<li data-start=\"704\" data-end=\"809\">\n<p data-start=\"706\" data-end=\"809\"><strong data-start=\"706\" data-end=\"741\">Capacit\u00e9 de nettoyage multi-grains<\/strong>Les produits de cette cat\u00e9gorie sont : le bl\u00e9, le s\u00e9same blanc, les haricots, le ma\u00efs et d'autres c\u00e9r\u00e9ales.<\/p>\n<\/li>\n<li data-start=\"810\" data-end=\"900\">\n<p data-start=\"812\" data-end=\"900\"><strong data-start=\"812\" data-end=\"842\">\u00c9limination efficace des impuret\u00e9s<\/strong> garantit des grains de meilleure qualit\u00e9 pour le stockage ou la transformation<\/p>\n<\/li>\n<li data-start=\"901\" data-end=\"986\">\n<p data-start=\"903\" data-end=\"986\"><strong data-start=\"903\" data-end=\"927\">Construction durable<\/strong> garantit des performances durables en cas d'utilisation continue<\/p>\n<\/li>\n<li data-start=\"987\" data-end=\"1071\">\n<p data-start=\"989\" data-end=\"1071\"><strong data-start=\"989\" data-end=\"1016\">Utilisation conviviale<\/strong> avec un entretien facile et des besoins en main-d'\u0153uvre minimes<\/p>\n<\/li>\n<li data-start=\"1072\" data-end=\"1165\">\n<p data-start=\"1074\" data-end=\"1165\"><strong data-start=\"1074\" data-end=\"1102\">Capacit\u00e9 de traitement \u00e9lev\u00e9e<\/strong> convient aux moyennes et grandes exploitations agricoles et aux installations de transformation<\/p>\n<\/li>\n<li data-start=\"1166\" data-end=\"1253\">\n<p data-start=\"1168\" data-end=\"1253\"><strong data-start=\"1168\" data-end=\"1199\">R\u00e9duction des pertes apr\u00e8s r\u00e9colte<\/strong> en \u00e9liminant la salet\u00e9, la poussi\u00e8re et les autres particules \u00e9trang\u00e8res<\/p>\n<\/li>\n<li data-start=\"1254\" data-end=\"1359\">\n<p data-start=\"1256\" data-end=\"1359\"><strong data-start=\"1256\" data-end=\"1281\">Une application polyvalente<\/strong>Le syst\u00e8me d'information sur les c\u00e9r\u00e9ales : id\u00e9al pour les exploitations agricoles, les coop\u00e9ratives et les petites industries de transformation des c\u00e9r\u00e9ales.<\/p>\n<\/li>\n<\/ul>","protected":false},"excerpt":{"rendered":"<p>The Agricultural Grain Cleaning Machine is a high-efficiency solution designed to remove impurities and ensure clean, high-quality grains. Suitable for wheat, white sesame, beans, corn, and other cereals, this machine improves processing efficiency and reduces post-harvest losses. Its durable construction and user-friendly operation make it ideal for farms, grain processing facilities, and agricultural cooperatives. More [&hellip;]<\/p>\n","protected":false},"featured_media":24450,"comment_status":"open","ping_status":"closed","template":"","meta":[],"product_brand":[],"product_cat":[2288],"product_tag":[116,171,186],"class_list":{"0":"post-24498","1":"product","2":"type-product","3":"status-publish","4":"has-post-thumbnail","6":"product_cat-agricultural-product-processing","7":"product_tag-gift-cards","8":"product_tag-new-arrivals","9":"product_tag-popular-products","11":"first","12":"instock","13":"shipping-taxable","14":"purchasable","15":"product-type-simple"},"_links":{"self":[{"href":"https:\/\/commercin.com\/fr\/wp-json\/wp\/v2\/product\/24498","targetHints":{"allow":["GET"]}}],"collection":[{"href":"https:\/\/commercin.com\/fr\/wp-json\/wp\/v2\/product"}],"about":[{"href":"https:\/\/commercin.com\/fr\/wp-json\/wp\/v2\/types\/product"}],"replies":[{"embeddable":true,"href":"https:\/\/commercin.com\/fr\/wp-json\/wp\/v2\/comments?post=24498"}],"wp:featuredmedia":[{"embeddable":true,"href":"https:\/\/commercin.com\/fr\/wp-json\/wp\/v2\/media\/24450"}],"wp:attachment":[{"href":"https:\/\/commercin.com\/fr\/wp-json\/wp\/v2\/media?parent=24498"}],"wp:term":[{"taxonomy":"product_brand","embeddable":true,"href":"https:\/\/commercin.com\/fr\/wp-json\/wp\/v2\/product_brand?post=24498"},{"taxonomy":"product_cat","embeddable":true,"href":"https:\/\/commercin.com\/fr\/wp-json\/wp\/v2\/product_cat?post=24498"},{"taxonomy":"product_tag","embeddable":true,"href":"https:\/\/commercin.com\/fr\/wp-json\/wp\/v2\/product_tag?post=24498"}],"curies":[{"name":"wp","href":"https:\/\/api.w.org\/{rel}","templated":true}]}}