{"id":24499,"date":"2026-02-09T15:34:38","date_gmt":"2026-02-09T15:34:38","guid":{"rendered":"https:\/\/commercin.com\/?post_type=product&#038;p=24499"},"modified":"2026-02-10T05:36:08","modified_gmt":"2026-02-10T05:36:08","slug":"equipement-dirrigation-par-aspersion-a-grande-echelle-pour-lagriculture-machine-dirrigation-par-aspersion-a-bobine","status":"publish","type":"product","link":"https:\/\/commercin.com\/fr\/boutique\/accessoires-et-pieces-de-rechange\/tuyaux-et-buses-pour-systeme-dirrigation\/equipement-dirrigation-par-aspersion-a-grande-echelle-pour-lagriculture-machine-dirrigation-par-aspersion-a-bobine\/","title":{"rendered":"\u00c9quipement d'irrigation par aspersion \u00e0 grande \u00e9chelle pour l'agriculture \/ Machine d'irrigation par aspersion \u00e0 enrouleur"},"content":{"rendered":"<p>Le <strong data-start=\"248\" data-end=\"307\">\u00c9quipement d'irrigation par aspersion \u00e0 grande \u00e9chelle pour l'agriculture<\/strong> est con\u00e7u pour une distribution efficace et uniforme de l'eau sur de vastes \u00e9tendues agricoles. Sa conception \u00e0 base d'enrouleur permet une mobilit\u00e9 ais\u00e9e et une installation rapide, offrant une irrigation pr\u00e9cise avec un minimum de travail. Construit avec des mat\u00e9riaux durables, ce syst\u00e8me garantit des performances et une fiabilit\u00e9 \u00e0 long terme pour l'agriculture \u00e0 grande \u00e9chelle, favorisant une croissance saine des cultures tout en optimisant l'utilisation de l'eau.<\/p>\n<p><img fetchpriority=\"high\" decoding=\"async\" class=\"alignnone wp-image-24446 aligncenter\" src=\"https:\/\/commercin.com\/wp-content\/uploads\/2022\/09\/Gemini_Generated_Image_m7uioam7uioam7ui-300x272.jpg\" alt=\"\" width=\"300\" height=\"272\" srcset=\"https:\/\/commercin.com\/wp-content\/uploads\/2022\/09\/Gemini_Generated_Image_m7uioam7uioam7ui-300x272.jpg 300w, https:\/\/commercin.com\/wp-content\/uploads\/2022\/09\/Gemini_Generated_Image_m7uioam7uioam7ui-768x696.jpg 768w, https:\/\/commercin.com\/wp-content\/uploads\/2022\/09\/Gemini_Generated_Image_m7uioam7uioam7ui-13x12.jpg 13w, https:\/\/commercin.com\/wp-content\/uploads\/2022\/09\/Gemini_Generated_Image_m7uioam7uioam7ui-600x543.jpg 600w, https:\/\/commercin.com\/wp-content\/uploads\/2022\/09\/Gemini_Generated_Image_m7uioam7uioam7ui.jpg 1018w\" sizes=\"(max-width: 300px) 100vw, 300px\" \/><\/p>\n<p style=\"font-size: 16px; font-style: normal; font-weight: 500;\">Plus d&#039;informations<\/p>\n<ul>\n<li data-start=\"731\" data-end=\"830\">\n<p data-start=\"733\" data-end=\"830\"><strong data-start=\"733\" data-end=\"765\">Syst\u00e8me d'irrigation par enrouleur<\/strong> permet de se d\u00e9placer facilement sur de grands terrains et d'assurer une couverture flexible<\/p>\n<\/li>\n<li data-start=\"831\" data-end=\"915\">\n<p data-start=\"833\" data-end=\"915\"><strong data-start=\"833\" data-end=\"867\">Technologie d'arrosage efficace<\/strong> assure une distribution uniforme de l'eau pour les cultures<\/p>\n<\/li>\n<li data-start=\"916\" data-end=\"1018\">\n<p data-start=\"918\" data-end=\"1018\"><strong data-start=\"918\" data-end=\"942\">Construction durable<\/strong> assure une longue dur\u00e9e de vie et une r\u00e9sistance aux conditions agricoles difficiles<\/p>\n<\/li>\n<li data-start=\"1019\" data-end=\"1098\">\n<p data-start=\"1021\" data-end=\"1098\"><strong data-start=\"1021\" data-end=\"1049\">Capacit\u00e9 d'irrigation \u00e9lev\u00e9e<\/strong> convient aux grandes exploitations et aux plantations<\/p>\n<\/li>\n<li data-start=\"1099\" data-end=\"1158\">\n<p data-start=\"1101\" data-end=\"1158\"><strong data-start=\"1101\" data-end=\"1126\">Faible besoin en main-d'\u0153uvre<\/strong> avec une mise en place et un fonctionnement faciles<\/p>\n<\/li>\n<li data-start=\"1159\" data-end=\"1236\">\n<p data-start=\"1161\" data-end=\"1236\"><strong data-start=\"1161\" data-end=\"1184\">Conception \u00e9conome en eau<\/strong> optimise l'efficacit\u00e9 de l'irrigation et r\u00e9duit les d\u00e9chets<\/p>\n<\/li>\n<li data-start=\"1237\" data-end=\"1349\">\n<p data-start=\"1239\" data-end=\"1349\"><strong data-start=\"1239\" data-end=\"1264\">Une application polyvalente<\/strong>Les produits de l'agriculture biologique : ils conviennent aux c\u00e9r\u00e9ales, aux l\u00e9gumes, aux cultures fourrag\u00e8res et \u00e0 d'autres formes d'agriculture \u00e0 grande \u00e9chelle.<\/p>\n<\/li>\n<\/ul>","protected":false},"excerpt":{"rendered":"<p>The Large-Scale Agricultural Sprinkler Irrigation Equipment is engineered for efficient, uniform water distribution across extensive farmland. Its reel-based design allows easy mobility and rapid setup, providing precise irrigation with minimal labor. Built with durable materials, this system ensures long-term performance and reliability for large-scale farming, supporting healthy crop growth while optimizing water More information Reel-based [&hellip;]<\/p>\n","protected":false},"featured_media":24447,"comment_status":"open","ping_status":"closed","template":"","meta":[],"product_brand":[],"product_cat":[2316],"product_tag":[116,171,186],"class_list":{"0":"post-24499","1":"product","2":"type-product","3":"status-publish","4":"has-post-thumbnail","6":"product_cat-hoses-and-nozzles-for-irrigation-system","7":"product_tag-gift-cards","8":"product_tag-new-arrivals","9":"product_tag-popular-products","11":"first","12":"instock","13":"sale","14":"featured","15":"shipping-taxable","16":"purchasable","17":"product-type-simple"},"_links":{"self":[{"href":"https:\/\/commercin.com\/fr\/wp-json\/wp\/v2\/product\/24499","targetHints":{"allow":["GET"]}}],"collection":[{"href":"https:\/\/commercin.com\/fr\/wp-json\/wp\/v2\/product"}],"about":[{"href":"https:\/\/commercin.com\/fr\/wp-json\/wp\/v2\/types\/product"}],"replies":[{"embeddable":true,"href":"https:\/\/commercin.com\/fr\/wp-json\/wp\/v2\/comments?post=24499"}],"wp:featuredmedia":[{"embeddable":true,"href":"https:\/\/commercin.com\/fr\/wp-json\/wp\/v2\/media\/24447"}],"wp:attachment":[{"href":"https:\/\/commercin.com\/fr\/wp-json\/wp\/v2\/media?parent=24499"}],"wp:term":[{"taxonomy":"product_brand","embeddable":true,"href":"https:\/\/commercin.com\/fr\/wp-json\/wp\/v2\/product_brand?post=24499"},{"taxonomy":"product_cat","embeddable":true,"href":"https:\/\/commercin.com\/fr\/wp-json\/wp\/v2\/product_cat?post=24499"},{"taxonomy":"product_tag","embeddable":true,"href":"https:\/\/commercin.com\/fr\/wp-json\/wp\/v2\/product_tag?post=24499"}],"curies":[{"name":"wp","href":"https:\/\/api.w.org\/{rel}","templated":true}]}}